{"id":1375,"date":"2025-08-03T23:05:30","date_gmt":"2025-08-03T22:05:30","guid":{"rendered":"https:\/\/staging.alibris.rs\/?page_id=1375"},"modified":"2025-08-03T23:07:50","modified_gmt":"2025-08-03T22:07:50","slug":"ostale-usluge","status":"publish","type":"page","link":"https:\/\/staging.alibris.rs\/en\/ostale-usluge\/","title":{"rendered":"Ostale usluge"},"content":{"rendered":"<div data-elementor-type=\"wp-page\" data-elementor-id=\"1375\" class=\"elementor elementor-1375\">\n\t\t\t\t\t\t<section class=\"elementor-section elementor-top-section elementor-element elementor-element-2849921 elementor-section-boxed elementor-section-height-default elementor-section-height-default\" data-id=\"2849921\" data-element_type=\"section\" data-e-type=\"section\">\n\t\t\t\t\t\t<div class=\"elementor-container elementor-column-gap-default\">\n\t\t\t\t\t<div class=\"elementor-column elementor-col-100 elementor-top-column elementor-element elementor-element-ece0d72\" data-id=\"ece0d72\" data-element_type=\"column\" data-e-type=\"column\">\n\t\t\t<div class=\"elementor-widget-wrap elementor-element-populated\">\n\t\t\t\t\t\t<div class=\"elementor-element elementor-element-a8bf09b sec_t_align elementor-align-center elementor-widget elementor-widget-tw-sec-title\" data-id=\"a8bf09b\" data-element_type=\"widget\" data-e-type=\"widget\" data-widget_type=\"tw-sec-title.default\">\n\t\t\t\t<div class=\"elementor-widget-container\">\n\t\t\t\t\t                            <h2 class=\"secTitle\">Ostale <span>usluge<\/span><\/h2>\r\n                \t\t\t\t<\/div>\n\t\t\t\t<\/div>\n\t\t\t\t\t<\/div>\n\t\t<\/div>\n\t\t\t\t\t<\/div>\n\t\t<\/section>\n\t\t\t\t<section class=\"elementor-section elementor-top-section elementor-element elementor-element-6010e0c elementor-section-content-middle elementor-section-boxed elementor-section-height-default elementor-section-height-default\" data-id=\"6010e0c\" data-element_type=\"section\" data-e-type=\"section\">\n\t\t\t\t\t\t<div class=\"elementor-container elementor-column-gap-custom\">\n\t\t\t\t\t<div class=\"elementor-column elementor-col-50 elementor-top-column elementor-element elementor-element-529fbdd\" data-id=\"529fbdd\" data-element_type=\"column\" data-e-type=\"column\">\n\t\t\t<div class=\"elementor-widget-wrap elementor-element-populated\">\n\t\t\t\t\t\t<div class=\"elementor-element elementor-element-8a0e5ea elementor-widget elementor-widget-image\" data-id=\"8a0e5ea\" data-element_type=\"widget\" data-e-type=\"widget\" data-widget_type=\"image.default\">\n\t\t\t\t<div class=\"elementor-widget-container\">\n\t\t\t\t\t\t\t\t\t\t\t\t\t\t\t<img fetchpriority=\"high\" decoding=\"async\" width=\"1024\" height=\"683\" src=\"https:\/\/staging.alibris.rs\/wp-content\/uploads\/2025\/08\/ostale-usluge-e1754257797193-1024x683.jpg\" class=\"attachment-large size-large wp-image-1377\" alt=\"\" srcset=\"https:\/\/staging.alibris.rs\/wp-content\/uploads\/2025\/08\/ostale-usluge-e1754257797193-1024x683.jpg 1024w, https:\/\/staging.alibris.rs\/wp-content\/uploads\/2025\/08\/ostale-usluge-e1754257797193-300x200.jpg 300w, https:\/\/staging.alibris.rs\/wp-content\/uploads\/2025\/08\/ostale-usluge-e1754257797193-768x512.jpg 768w, https:\/\/staging.alibris.rs\/wp-content\/uploads\/2025\/08\/ostale-usluge-e1754257797193-1536x1024.jpg 1536w, https:\/\/staging.alibris.rs\/wp-content\/uploads\/2025\/08\/ostale-usluge-e1754257797193.jpg 1920w\" sizes=\"(max-width: 1024px) 100vw, 1024px\" \/>\t\t\t\t\t\t\t\t\t\t\t\t\t\t\t<\/div>\n\t\t\t\t<\/div>\n\t\t\t\t\t<\/div>\n\t\t<\/div>\n\t\t\t\t<div class=\"elementor-column elementor-col-50 elementor-top-column elementor-element elementor-element-0563c06\" data-id=\"0563c06\" data-element_type=\"column\" data-e-type=\"column\">\n\t\t\t<div class=\"elementor-widget-wrap elementor-element-populated\">\n\t\t\t\t\t\t<div class=\"elementor-element elementor-element-64df3a7 elementor-widget elementor-widget-text-editor\" data-id=\"64df3a7\" data-element_type=\"widget\" data-e-type=\"widget\" data-widget_type=\"text-editor.default\">\n\t\t\t\t<div class=\"elementor-widget-container\">\n\t\t\t\t\t\t\t\t\t<ul><li><span style=\"font-weight: 400;\"> Izve\u0161taj o transfernim cenama. Naknada zavisi od kompleksnosti i broja transakcija sa povezanim licima.<\/span><\/li><li><span style=\"font-weight: 400;\"> Popunjavanje formulara za APR (primer: promena poslovnih podataka), kao i predaja Poreskih prijava Lokanoj poreskoj samoupravi.\u00a0<\/span><\/li><li><span style=\"font-weight: 400;\"> Elektronska prijava-odjava radnika na obavezno socijalno osiguranje<\/span><\/li><li><span style=\"font-weight: 400;\"> Izrada dokumentacije za bolovanje\u00a0<\/span><\/li><li><span style=\"font-weight: 400;\"> Izrada mese\u010dnih obrazaca za refundaciju bolovanja\u00a0<\/span><\/li><li><span style=\"font-weight: 400;\"> Izrada dokumentacije za novozaposlene radnike<\/span><\/li><li><span style=\"font-weight: 400;\">Izve\u0161tavanje ka Narodnoj banci. Predaja obrasca DI -1 na kvartalnom nivou. Obrazac DI1 predstavlja tromese\u010dni izve\u0161taj o stranim direktnim investicijama nerezidenata u zemlji. Obveznici izve\u0161tavanja su pravna lica rezidenti u kojima nerezidenti imaju udeo u vlasni\u0161tvu.\u00a0<\/span><\/li><\/ul>\t\t\t\t\t\t\t\t<\/div>\n\t\t\t\t<\/div>\n\t\t\t\t\t<\/div>\n\t\t<\/div>\n\t\t\t\t\t<\/div>\n\t\t<\/section>\n\t\t\t\t<\/div>","protected":false},"excerpt":{"rendered":"<p>Ostale usluge Izve\u0161taj o transfernim cenama. Naknada zavisi od kompleksnosti i broja transakcija sa povezanim licima. Popunjavanje formulara za APR (primer: promena poslovnih podataka), kao i predaja Poreskih prijava Lokanoj poreskoj samoupravi.\u00a0 Elektronska prijava-odjava radnika na obavezno socijalno osiguranje Izrada dokumentacije za bolovanje\u00a0 Izrada mese\u010dnih obrazaca za refundaciju bolovanja\u00a0 Izrada dokumentacije za novozaposlene radnike Izve\u0161tavanje [&hellip;]<\/p>\n","protected":false},"author":1,"featured_media":1377,"parent":0,"menu_order":0,"comment_status":"closed","ping_status":"closed","template":"page-templates\/quera-full-width.php","meta":{"footnotes":""},"class_list":["post-1375","page","type-page","status-publish","has-post-thumbnail","hentry"],"yoast_head":"<!-- This site is optimized with the Yoast SEO plugin v27.4 - https:\/\/yoast.com\/product\/yoast-seo-wordpress\/ -->\n<title>Ostale usluge - Alibris - Ra\u010dunovodstvo, porezi i savetovanje<\/title>\n<meta name=\"robots\" content=\"index, follow, max-snippet:-1, max-image-preview:large, max-video-preview:-1\" \/>\n<link rel=\"canonical\" href=\"https:\/\/staging.alibris.rs\/en\/ostale-usluge\/\" \/>\n<meta property=\"og:locale\" content=\"en_GB\" \/>\n<meta property=\"og:type\" content=\"article\" \/>\n<meta property=\"og:title\" content=\"Ostale usluge - Alibris - Ra\u010dunovodstvo, porezi i savetovanje\" \/>\n<meta property=\"og:description\" content=\"Ostale usluge Izve\u0161taj o transfernim cenama. Naknada zavisi od kompleksnosti i broja transakcija sa povezanim licima. Popunjavanje formulara za APR (primer: promena poslovnih podataka), kao i predaja Poreskih prijava Lokanoj poreskoj samoupravi.\u00a0 Elektronska prijava-odjava radnika na obavezno socijalno osiguranje Izrada dokumentacije za bolovanje\u00a0 Izrada mese\u010dnih obrazaca za refundaciju bolovanja\u00a0 Izrada dokumentacije za novozaposlene radnike Izve\u0161tavanje [&hellip;]\" \/>\n<meta property=\"og:url\" content=\"https:\/\/staging.alibris.rs\/en\/ostale-usluge\/\" \/>\n<meta property=\"og:site_name\" content=\"Alibris - Ra\u010dunovodstvo, porezi i savetovanje\" \/>\n<meta property=\"article:publisher\" content=\"https:\/\/www.facebook.com\/alibris.doo\/\" \/>\n<meta property=\"article:modified_time\" content=\"2025-08-03T22:07:50+00:00\" \/>\n<meta property=\"og:image\" content=\"https:\/\/staging.alibris.rs\/wp-content\/uploads\/2025\/08\/ostale-usluge-e1754257797193.jpg\" \/>\n\t<meta property=\"og:image:width\" content=\"1920\" \/>\n\t<meta property=\"og:image:height\" content=\"1280\" \/>\n\t<meta property=\"og:image:type\" content=\"image\/jpeg\" \/>\n<meta name=\"twitter:card\" content=\"summary_large_image\" \/>\n<meta name=\"twitter:label1\" content=\"Estimated reading time\" \/>\n\t<meta name=\"twitter:data1\" content=\"1 minute\" \/>\n<script type=\"application\/ld+json\" class=\"yoast-schema-graph\">{\"@context\":\"https:\\\/\\\/schema.org\",\"@graph\":[{\"@type\":\"WebPage\",\"@id\":\"https:\\\/\\\/staging.alibris.rs\\\/ostale-usluge\\\/\",\"url\":\"https:\\\/\\\/staging.alibris.rs\\\/ostale-usluge\\\/\",\"name\":\"Ostale usluge - Alibris - Ra\u010dunovodstvo, porezi i savetovanje\",\"isPartOf\":{\"@id\":\"https:\\\/\\\/staging.alibris.rs\\\/#website\"},\"primaryImageOfPage\":{\"@id\":\"https:\\\/\\\/staging.alibris.rs\\\/ostale-usluge\\\/#primaryimage\"},\"image\":{\"@id\":\"https:\\\/\\\/staging.alibris.rs\\\/ostale-usluge\\\/#primaryimage\"},\"thumbnailUrl\":\"https:\\\/\\\/staging.alibris.rs\\\/wp-content\\\/uploads\\\/2025\\\/08\\\/ostale-usluge-e1754257797193.jpg\",\"datePublished\":\"2025-08-03T22:05:30+00:00\",\"dateModified\":\"2025-08-03T22:07:50+00:00\",\"breadcrumb\":{\"@id\":\"https:\\\/\\\/staging.alibris.rs\\\/ostale-usluge\\\/#breadcrumb\"},\"inLanguage\":\"en-GB\",\"potentialAction\":[{\"@type\":\"ReadAction\",\"target\":[\"https:\\\/\\\/staging.alibris.rs\\\/ostale-usluge\\\/\"]}]},{\"@type\":\"ImageObject\",\"inLanguage\":\"en-GB\",\"@id\":\"https:\\\/\\\/staging.alibris.rs\\\/ostale-usluge\\\/#primaryimage\",\"url\":\"https:\\\/\\\/staging.alibris.rs\\\/wp-content\\\/uploads\\\/2025\\\/08\\\/ostale-usluge-e1754257797193.jpg\",\"contentUrl\":\"https:\\\/\\\/staging.alibris.rs\\\/wp-content\\\/uploads\\\/2025\\\/08\\\/ostale-usluge-e1754257797193.jpg\",\"width\":1920,\"height\":1280},{\"@type\":\"BreadcrumbList\",\"@id\":\"https:\\\/\\\/staging.alibris.rs\\\/ostale-usluge\\\/#breadcrumb\",\"itemListElement\":[{\"@type\":\"ListItem\",\"position\":1,\"name\":\"Po\u010detna\",\"item\":\"https:\\\/\\\/staging.alibris.rs\\\/\"},{\"@type\":\"ListItem\",\"position\":2,\"name\":\"Ostale usluge\"}]},{\"@type\":\"WebSite\",\"@id\":\"https:\\\/\\\/staging.alibris.rs\\\/#website\",\"url\":\"https:\\\/\\\/staging.alibris.rs\\\/\",\"name\":\"Alibris Accounting - ra\u010dunovodstvo i poresko savetovanje\",\"description\":\"Ra\u010dunovodstvo i knjigovodstvo u Beogradu. Alibris pru\u017ea kompletne finansijske usluge za firme i preduzetnike.\",\"publisher\":{\"@id\":\"https:\\\/\\\/staging.alibris.rs\\\/#organization\"},\"potentialAction\":[{\"@type\":\"SearchAction\",\"target\":{\"@type\":\"EntryPoint\",\"urlTemplate\":\"https:\\\/\\\/staging.alibris.rs\\\/?s={search_term_string}\"},\"query-input\":{\"@type\":\"PropertyValueSpecification\",\"valueRequired\":true,\"valueName\":\"search_term_string\"}}],\"inLanguage\":\"en-GB\"},{\"@type\":\"Organization\",\"@id\":\"https:\\\/\\\/staging.alibris.rs\\\/#organization\",\"name\":\"Alibris doo\",\"url\":\"https:\\\/\\\/staging.alibris.rs\\\/\",\"logo\":{\"@type\":\"ImageObject\",\"inLanguage\":\"en-GB\",\"@id\":\"https:\\\/\\\/staging.alibris.rs\\\/#\\\/schema\\\/logo\\\/image\\\/\",\"url\":\"https:\\\/\\\/staging.alibris.rs\\\/wp-content\\\/uploads\\\/2023\\\/02\\\/Alibris_Fav_Icon.png\",\"contentUrl\":\"https:\\\/\\\/staging.alibris.rs\\\/wp-content\\\/uploads\\\/2023\\\/02\\\/Alibris_Fav_Icon.png\",\"width\":359,\"height\":281,\"caption\":\"Alibris doo\"},\"image\":{\"@id\":\"https:\\\/\\\/staging.alibris.rs\\\/#\\\/schema\\\/logo\\\/image\\\/\"},\"sameAs\":[\"https:\\\/\\\/www.facebook.com\\\/alibris.doo\\\/\",\"https:\\\/\\\/www.instagram.com\\\/alibris_\\\/\"]}]}<\/script>\n<!-- \/ Yoast SEO plugin. -->","yoast_head_json":{"title":"Ostale usluge - Alibris - Ra\u010dunovodstvo, porezi i savetovanje","robots":{"index":"index","follow":"follow","max-snippet":"max-snippet:-1","max-image-preview":"max-image-preview:large","max-video-preview":"max-video-preview:-1"},"canonical":"https:\/\/staging.alibris.rs\/en\/ostale-usluge\/","og_locale":"en_GB","og_type":"article","og_title":"Ostale usluge - Alibris - Ra\u010dunovodstvo, porezi i savetovanje","og_description":"Ostale usluge Izve\u0161taj o transfernim cenama. Naknada zavisi od kompleksnosti i broja transakcija sa povezanim licima. Popunjavanje formulara za APR (primer: promena poslovnih podataka), kao i predaja Poreskih prijava Lokanoj poreskoj samoupravi.\u00a0 Elektronska prijava-odjava radnika na obavezno socijalno osiguranje Izrada dokumentacije za bolovanje\u00a0 Izrada mese\u010dnih obrazaca za refundaciju bolovanja\u00a0 Izrada dokumentacije za novozaposlene radnike Izve\u0161tavanje [&hellip;]","og_url":"https:\/\/staging.alibris.rs\/en\/ostale-usluge\/","og_site_name":"Alibris - Ra\u010dunovodstvo, porezi i savetovanje","article_publisher":"https:\/\/www.facebook.com\/alibris.doo\/","article_modified_time":"2025-08-03T22:07:50+00:00","og_image":[{"width":1920,"height":1280,"url":"https:\/\/staging.alibris.rs\/wp-content\/uploads\/2025\/08\/ostale-usluge-e1754257797193.jpg","type":"image\/jpeg"}],"twitter_card":"summary_large_image","twitter_misc":{"Estimated reading time":"1 minute"},"schema":{"@context":"https:\/\/schema.org","@graph":[{"@type":"WebPage","@id":"https:\/\/staging.alibris.rs\/ostale-usluge\/","url":"https:\/\/staging.alibris.rs\/ostale-usluge\/","name":"Ostale usluge - Alibris - Ra\u010dunovodstvo, porezi i savetovanje","isPartOf":{"@id":"https:\/\/staging.alibris.rs\/#website"},"primaryImageOfPage":{"@id":"https:\/\/staging.alibris.rs\/ostale-usluge\/#primaryimage"},"image":{"@id":"https:\/\/staging.alibris.rs\/ostale-usluge\/#primaryimage"},"thumbnailUrl":"https:\/\/staging.alibris.rs\/wp-content\/uploads\/2025\/08\/ostale-usluge-e1754257797193.jpg","datePublished":"2025-08-03T22:05:30+00:00","dateModified":"2025-08-03T22:07:50+00:00","breadcrumb":{"@id":"https:\/\/staging.alibris.rs\/ostale-usluge\/#breadcrumb"},"inLanguage":"en-GB","potentialAction":[{"@type":"ReadAction","target":["https:\/\/staging.alibris.rs\/ostale-usluge\/"]}]},{"@type":"ImageObject","inLanguage":"en-GB","@id":"https:\/\/staging.alibris.rs\/ostale-usluge\/#primaryimage","url":"https:\/\/staging.alibris.rs\/wp-content\/uploads\/2025\/08\/ostale-usluge-e1754257797193.jpg","contentUrl":"https:\/\/staging.alibris.rs\/wp-content\/uploads\/2025\/08\/ostale-usluge-e1754257797193.jpg","width":1920,"height":1280},{"@type":"BreadcrumbList","@id":"https:\/\/staging.alibris.rs\/ostale-usluge\/#breadcrumb","itemListElement":[{"@type":"ListItem","position":1,"name":"Po\u010detna","item":"https:\/\/staging.alibris.rs\/"},{"@type":"ListItem","position":2,"name":"Ostale usluge"}]},{"@type":"WebSite","@id":"https:\/\/staging.alibris.rs\/#website","url":"https:\/\/staging.alibris.rs\/","name":"Alibris Accounting - ra\u010dunovodstvo i poresko savetovanje","description":"Ra\u010dunovodstvo i knjigovodstvo u Beogradu. Alibris pru\u017ea kompletne finansijske usluge za firme i preduzetnike.","publisher":{"@id":"https:\/\/staging.alibris.rs\/#organization"},"potentialAction":[{"@type":"SearchAction","target":{"@type":"EntryPoint","urlTemplate":"https:\/\/staging.alibris.rs\/?s={search_term_string}"},"query-input":{"@type":"PropertyValueSpecification","valueRequired":true,"valueName":"search_term_string"}}],"inLanguage":"en-GB"},{"@type":"Organization","@id":"https:\/\/staging.alibris.rs\/#organization","name":"Alibris doo","url":"https:\/\/staging.alibris.rs\/","logo":{"@type":"ImageObject","inLanguage":"en-GB","@id":"https:\/\/staging.alibris.rs\/#\/schema\/logo\/image\/","url":"https:\/\/staging.alibris.rs\/wp-content\/uploads\/2023\/02\/Alibris_Fav_Icon.png","contentUrl":"https:\/\/staging.alibris.rs\/wp-content\/uploads\/2023\/02\/Alibris_Fav_Icon.png","width":359,"height":281,"caption":"Alibris doo"},"image":{"@id":"https:\/\/staging.alibris.rs\/#\/schema\/logo\/image\/"},"sameAs":["https:\/\/www.facebook.com\/alibris.doo\/","https:\/\/www.instagram.com\/alibris_\/"]}]}},"_links":{"self":[{"href":"https:\/\/staging.alibris.rs\/en\/wp-json\/wp\/v2\/pages\/1375","targetHints":{"allow":["GET"]}}],"collection":[{"href":"https:\/\/staging.alibris.rs\/en\/wp-json\/wp\/v2\/pages"}],"about":[{"href":"https:\/\/staging.alibris.rs\/en\/wp-json\/wp\/v2\/types\/page"}],"author":[{"embeddable":true,"href":"https:\/\/staging.alibris.rs\/en\/wp-json\/wp\/v2\/users\/1"}],"replies":[{"embeddable":true,"href":"https:\/\/staging.alibris.rs\/en\/wp-json\/wp\/v2\/comments?post=1375"}],"version-history":[{"count":0,"href":"https:\/\/staging.alibris.rs\/en\/wp-json\/wp\/v2\/pages\/1375\/revisions"}],"wp:featuredmedia":[{"embeddable":true,"href":"https:\/\/staging.alibris.rs\/en\/wp-json\/wp\/v2\/media\/1377"}],"wp:attachment":[{"href":"https:\/\/staging.alibris.rs\/en\/wp-json\/wp\/v2\/media?parent=1375"}],"curies":[{"name":"wp","href":"https:\/\/api.w.org\/{rel}","templated":true}]}}