{"id":605,"date":"2023-06-26T21:43:19","date_gmt":"2023-06-26T21:43:19","guid":{"rendered":"https:\/\/staging.alibris.rs\/?page_id=605"},"modified":"2025-07-29T14:35:59","modified_gmt":"2025-07-29T14:35:59","slug":"oglas-za-posao","status":"publish","type":"page","link":"https:\/\/staging.alibris.rs\/en\/oglas-za-posao\/","title":{"rendered":"Career"},"content":{"rendered":"<div data-elementor-type=\"wp-page\" data-elementor-id=\"605\" class=\"elementor elementor-605\">\n\t\t\t\t\t\t<section class=\"elementor-section elementor-top-section elementor-element elementor-element-4e3f40c elementor-section-boxed elementor-section-height-default elementor-section-height-default\" data-id=\"4e3f40c\" data-element_type=\"section\" data-e-type=\"section\">\n\t\t\t\t\t\t<div class=\"elementor-container elementor-column-gap-default\">\n\t\t\t\t\t<div class=\"elementor-column elementor-col-100 elementor-top-column elementor-element elementor-element-310612e\" data-id=\"310612e\" data-element_type=\"column\" data-e-type=\"column\">\n\t\t\t<div class=\"elementor-widget-wrap elementor-element-populated\">\n\t\t\t\t\t\t<div class=\"elementor-element elementor-element-144fe08 sec_t_align elementor-align-center elementor-widget elementor-widget-tw-sec-title\" data-id=\"144fe08\" data-element_type=\"widget\" data-e-type=\"widget\" data-widget_type=\"tw-sec-title.default\">\n\t\t\t\t<div class=\"elementor-widget-container\">\n\t\t\t\t\t                            <h2 class=\"secTitle\">\u0160irimo <span>svoj<\/span> tim\u200b<\/h2>\r\n                \t\t\t\t<\/div>\n\t\t\t\t<\/div>\n\t\t\t\t\t<\/div>\n\t\t<\/div>\n\t\t\t\t\t<\/div>\n\t\t<\/section>\n\t\t\t\t<section class=\"elementor-section elementor-top-section elementor-element elementor-element-a45463c elementor-section-boxed elementor-section-height-default elementor-section-height-default\" data-id=\"a45463c\" data-element_type=\"section\" data-e-type=\"section\">\n\t\t\t\t\t\t<div class=\"elementor-container elementor-column-gap-default\">\n\t\t\t\t\t<div class=\"elementor-column elementor-col-100 elementor-top-column elementor-element elementor-element-e6d4d28\" data-id=\"e6d4d28\" data-element_type=\"column\" data-e-type=\"column\">\n\t\t\t<div class=\"elementor-widget-wrap elementor-element-populated\">\n\t\t\t\t\t\t<div class=\"elementor-element elementor-element-cc5e0b4 sec_paragraphs elementor-align-center elementor-widget elementor-widget-tw-text\" data-id=\"cc5e0b4\" data-element_type=\"widget\" data-e-type=\"widget\" data-widget_type=\"tw-text.default\">\n\t\t\t\t<div class=\"elementor-widget-container\">\n\t\t\t\t\t                <p class=\"sc_paragraph\">Radi pro\u0161irenja obima posla u potrazi smo za novim saradnicima koji bi se pridru\u017eili na\u0161em timu.\nPotrebna osoba za rad u ra\u010dunovodstvenoj ageniciji na poziciji - Ra\u010dunovodja Senior.\n<\/p>\r\n            \t\t\t\t<\/div>\n\t\t\t\t<\/div>\n\t\t\t\t\t<\/div>\n\t\t<\/div>\n\t\t\t\t\t<\/div>\n\t\t<\/section>\n\t\t\t\t<section class=\"elementor-section elementor-top-section elementor-element elementor-element-62d6dff elementor-section-boxed elementor-section-height-default elementor-section-height-default\" data-id=\"62d6dff\" data-element_type=\"section\" data-e-type=\"section\">\n\t\t\t\t\t\t<div class=\"elementor-container elementor-column-gap-default\">\n\t\t\t\t\t<div class=\"elementor-column elementor-col-100 elementor-top-column elementor-element elementor-element-c35b43c\" data-id=\"c35b43c\" data-element_type=\"column\" data-e-type=\"column\">\n\t\t\t<div class=\"elementor-widget-wrap elementor-element-populated\">\n\t\t\t\t\t\t<div class=\"elementor-element elementor-element-21ccd02 sec_paragraphs elementor-align-left elementor-widget elementor-widget-tw-text\" data-id=\"21ccd02\" data-element_type=\"widget\" data-e-type=\"widget\" data-widget_type=\"tw-text.default\">\n\t\t\t\t<div class=\"elementor-widget-container\">\n\t\t\t\t\t                <p class=\"sc_paragraph\">Kao iskusan ra\u010dunovo\u0111a u Alibrisu igra\u0107ete klju\u010dnu ulogu u odr\u017eavanju preciznih finansijskih podataka i obezbe\u0111ivanju uskla\u0111enosti sa relevantnim propisima. Blisko \u0107ete sara\u0111ivati sa ostatkom tima, pru\u017eaju\u0107i dragocene uvide i analize za podr\u0161ku procesima dono\u0161enja odluka. Tra\u017eimo kandidata koji ima solidno iskustvo u oblasti ra\u010dunovodstva, odli\u010dne organizacione sposobnosti i o\u0161tro oko za detalje.<\/p>\r\n            \t\t\t\t<\/div>\n\t\t\t\t<\/div>\n\t\t\t\t\t<\/div>\n\t\t<\/div>\n\t\t\t\t\t<\/div>\n\t\t<\/section>\n\t\t\t\t<section class=\"elementor-section elementor-top-section elementor-element elementor-element-3622414 elementor-section-boxed elementor-section-height-default elementor-section-height-default\" data-id=\"3622414\" data-element_type=\"section\" data-e-type=\"section\">\n\t\t\t\t\t\t<div class=\"elementor-container elementor-column-gap-default\">\n\t\t\t\t\t<div class=\"elementor-column elementor-col-100 elementor-top-column elementor-element elementor-element-680de16\" data-id=\"680de16\" data-element_type=\"column\" data-e-type=\"column\">\n\t\t\t<div class=\"elementor-widget-wrap elementor-element-populated\">\n\t\t\t\t\t\t<div class=\"elementor-element elementor-element-2f1addc sec_paragraphs elementor-align-left elementor-widget elementor-widget-tw-text\" data-id=\"2f1addc\" data-element_type=\"widget\" data-e-type=\"widget\" data-widget_type=\"tw-text.default\">\n\t\t\t\t<div class=\"elementor-widget-container\">\n\t\t\t\t\t                <p class=\"sc_paragraph\"><p style=\"line-height: normal;margin: 0in 0in 8pt;font-size: 11pt;font-family: 'Roboto', sans-serif\"><strong><span style=\"font-size: 12.0pt;font-family: 'Roboto', sans-serif\">Potrebne ve&scaron;tine:<\/span><\/strong><\/p>\n<ul style=\"margin-bottom: 0in;margin-top: 0px\" type=\"disc\">\n<li style=\"line-height: normal;margin-top: 0in;margin-right: 0in;margin-bottom: 8pt;font-size: 11pt;font-family: 'Roboto', sans-serif\"><span style=\"font-size: 12.0pt;font-family: 'Roboto', sans-serif\">Dobro poznavanje aktuelnih propisa i Zakona o Ra\u010dunovodstvu<\/span><\/li>\n<li style=\"line-height: normal;margin-top: 0in;margin-right: 0in;margin-bottom: 8pt;font-size: 11pt;font-family: 'Roboto', sans-serif\"><span style=\"font-size: 12.0pt;font-family: 'Roboto', sans-serif\">Spremnost na kontinuirano stru\u010dno usavr&scaron;avanje<\/span><\/li>\n<li style=\"line-height: normal;margin-top: 0in;margin-right: 0in;margin-bottom: 8pt;font-size: 11pt;font-family: 'Roboto', sans-serif\"><span style=\"font-size: 12.0pt;font-family: 'Roboto', sans-serif\">Rad u programu MS OFFICE ( MS Word, MS Exel ...)<\/span><\/li>\n<li style=\"line-height: normal;margin-top: 0in;margin-right: 0in;margin-bottom: 8pt;font-size: 11pt;font-family: 'Roboto', sans-serif\"><span style=\"font-size: 12.0pt;font-family: 'Roboto', sans-serif\">Analiti\u010dnost, ta\u010dnost, preciznost<\/span><\/li>\n<li style=\"line-height: normal;margin-top: 0in;margin-right: 0in;margin-bottom: 8pt;font-size: 11pt;font-family: 'Roboto', sans-serif\"><span style=\"font-size: 12.0pt;font-family: 'Roboto', sans-serif\">Sposobnost dono&scaron;enja odluka i samostalnost u radu&nbsp;<\/span><\/li>\n<\/ul>\n<p>&nbsp;<\/p>\n<p style=\"line-height: normal;margin: 0in 0in 8pt;font-size: 11pt;font-family: 'Roboto', sans-serif\"><span style=\"font-size: 12.0pt;font-family: 'Roboto', sans-serif\">Iskustvo: Minimalno iskustvo od 5 godina u agenciji ili na ra\u010dunovodstvenim poslovima. Po\u017eeljno iskustvo u vo\u0111enju maloprodaje, e -commerce ili u oblasti gra\u0111evinarstva.<\/span><\/p>\n<p style=\"line-height: normal;margin: 0in 0in 8pt;font-size: 11pt;font-family: 'Roboto', sans-serif\">&nbsp;<\/p>\n<p style=\"line-height: normal;margin: 0in 0in 8pt;font-size: 11pt;font-family: 'Roboto', sans-serif\"><span style=\"font-size: 12.0pt;font-family: 'Roboto', sans-serif\">Obrazovanje: Ekonomska srednja skola ili fakultet iz oblasti ra\u010dunovodstva, revizije, finansija.<\/span><\/p>\n<p style=\"line-height: normal;margin: 0in 0in 8pt;font-size: 11pt;font-family: 'Roboto', sans-serif\">&nbsp;<\/p>\n<p style=\"line-height: normal;margin: 0in 0in 8pt;font-size: 11pt;font-family: 'Roboto', sans-serif\"><strong><span style=\"font-size: 12.0pt;font-family: 'Roboto', sans-serif\">Opis pozicije<\/span><\/strong><\/p>\n<ul style=\"margin-bottom: 0in;margin-top: 0px\" type=\"disc\">\n<li style=\"line-height: normal;margin-top: 0in;margin-right: 0in;margin-bottom: 8pt;font-size: 11pt;font-family: 'Roboto', sans-serif\"><span style=\"font-size: 12.0pt;font-family: 'Roboto', sans-serif\">Pozicija se obavlja iz na&scaron;e kancelarije na Novom Beogradu.<\/span><\/li>\n<li style=\"line-height: normal;margin-top: 0in;margin-right: 0in;margin-bottom: 8pt;font-size: 11pt;font-family: 'Roboto', sans-serif\"><span style=\"font-size: 12.0pt;font-family: 'Roboto', sans-serif\">Rad na portalu e-Porezi. Predaja poreskih prijava PDV, zarade i obra\u010dun ostalih prihoda.<\/span><\/li>\n<li style=\"line-height: normal;margin-top: 0in;margin-right: 0in;margin-bottom: 8pt;font-size: 11pt;font-family: 'Roboto', sans-serif\"><span style=\"font-size: 12.0pt;font-family: 'Roboto', sans-serif\">Poznavanje sistema e-faktura<\/span><\/li>\n<li style=\"line-height: normal;margin-top: 0in;margin-right: 0in;margin-bottom: 8pt;font-size: 11pt;font-family: 'Roboto', sans-serif\"><span style=\"font-size: 12.0pt;font-family: 'Roboto', sans-serif\">Priprema bilansa za zavr&scaron;ni ra\u010dun<\/span><\/li>\n<li style=\"line-height: normal;margin-top: 0in;margin-right: 0in;margin-bottom: 8pt;font-size: 11pt;font-family: 'Roboto', sans-serif\"><span style=\"font-size: 12.0pt;font-family: 'Roboto', sans-serif\">Samostalno vo\u0111enje klijenata. Knjizenje dokumentacije na dnevnom nivou, obra\u010duni zarada, izrada uvoznih kalkulacija i slicno.<\/span><\/li>\n<li style=\"line-height: normal;margin-top: 0in;margin-right: 0in;margin-bottom: 8pt;font-size: 11pt;font-family: 'Roboto', sans-serif\"><span style=\"font-size: 12.0pt;font-family: 'Roboto', sans-serif\">Rad u Minimax programu<\/span><\/li>\n<\/ul>\n<p>&nbsp;<\/p>\n<p style=\"line-height: normal;margin: 0in 0in 8pt;font-size: 11pt;font-family: 'Roboto', sans-serif\"><strong><span style=\"font-size: 12.0pt;font-family: 'Roboto', sans-serif\">O nama:<\/span><\/strong><\/p>\n<p style=\"line-height: normal;margin: 0in 0in 8pt;font-size: 11pt;font-family: 'Roboto', sans-serif\"><span style=\"font-size: 12.0pt;font-family: 'Roboto', sans-serif\">Alibris je dinami\u010dna i brzo rastu\u0107a agencija koja tra\u017ei iskusnog i ozbiljnog ra\u010dunovodju da se pridru\u017ei na&scaron;em timu. Sa sna\u017enom posve\u0107eno&scaron;\u0107u inovacijama i zadovoljstvu klijenata, poznati smo po izuzetnoj usluzi i visokokvalitetnim proizvodima. Nudimo saradni\u010dko i podr\u017eavaju\u0107e radno okru\u017eenje gde talentovani profesionalci mogu da napreduju i naprave zna\u010dajan uticaj.<\/span><\/p>\n<p style=\"line-height: normal;margin: 0in 0in 8pt;font-size: 11pt;font-family: 'Roboto', sans-serif\"><span style=\"font-size: 12.0pt;font-family: 'Roboto', sans-serif\">Na&scaron; portoflio klijenata konstantno raste i trudimo se da uvek ponudimo potrebne usluge koje prevazilaze oblast ra\u010dunovodstva. Pored ra\u010dunovodstvenih nudimo i finansijske usluge, administrativne i pravne usluge. Na&scaron; cilj je da klijentima ponudimo jedinstven paket usluga na jednom mestu i to od otvaranja preduze\u0107a do vodjenja poslovanja na dnevnom nivou.&nbsp;<\/span><\/p>\n<p style=\"line-height: normal;margin: 0in 0in 8pt;font-size: 11pt;font-family: 'Roboto', sans-serif\"><span style=\"font-size: 12.0pt;font-family: 'Roboto', sans-serif\">Posle vi&scaron;e od 10 godina postojanja na tr\u017ei&scaron;tu, specijalizovali smo se u domenu gradjevinarstva, IT, e -commerce i konsultantskih delatnosti.<\/span><\/p>\n<p style=\"line-height: normal;margin: 0in 0in 8pt;font-size: 11pt;font-family: 'Roboto', sans-serif\"><span style=\"font-size: 12.0pt;font-family: 'Roboto', sans-serif\">Pozivamo sve zainteresovane kandidate da posalju CV na adresu <a style=\"font-weight:bold;color:#6C6C6C\" href=\"mailto:offic&#101;&#064;&#097;l&#105;&#098;&#114;is&#046;&#114;&#115;\" class=\"mail-link\">offic&#101;&#064;al&#105;&#098;&#114;&#105;&#115;&#046;&#114;s<\/a> <\/span><\/p>\n<p style=\"line-height: normal;margin: 0in 0in 8pt;font-size: 11pt;font-family: 'Roboto', sans-serif\"><span style=\"font-size: 12.0pt;font-family: 'Roboto', sans-serif\">Postanite deo Alibris tima i unapredite svoju karijeru.&nbsp;<\/span><\/p><\/p>\r\n            \t\t\t\t<\/div>\n\t\t\t\t<\/div>\n\t\t\t\t\t<\/div>\n\t\t<\/div>\n\t\t\t\t\t<\/div>\n\t\t<\/section>\n\t\t\t\t<\/div>","protected":false},"excerpt":{"rendered":"<p>\u0160irimo svoj tim\u200b Radi pro\u0161irenja obima posla u potrazi smo za novim saradnicima koji bi se pridru\u017eili na\u0161em timu. Potrebna osoba za rad u ra\u010dunovodstvenoj ageniciji na poziciji &#8211; Ra\u010dunovodja Senior. Kao iskusan ra\u010dunovo\u0111a u Alibrisu igra\u0107ete klju\u010dnu ulogu u odr\u017eavanju preciznih finansijskih podataka i obezbe\u0111ivanju uskla\u0111enosti sa relevantnim propisima. Blisko \u0107ete sara\u0111ivati sa ostatkom [&hellip;]<\/p>\n","protected":false},"author":1,"featured_media":0,"parent":0,"menu_order":0,"comment_status":"closed","ping_status":"closed","template":"","meta":{"footnotes":""},"class_list":["post-605","page","type-page","status-publish","hentry"],"yoast_head":"<!-- This site is optimized with the Yoast SEO plugin v27.4 - https:\/\/yoast.com\/product\/yoast-seo-wordpress\/ -->\n<title>Potrebna osoba za rad u ra\u010dunovodstvenoj ageniciji<\/title>\n<meta name=\"description\" content=\"Alibris ra\u010dunovodstvena agencija tra\u017ei iskusnog ra\u010dunovo\u0111u (Senior) za rad na Novom Beogradu. Ako imate 5+ godina iskustva, znanje u MS Office, e-Porezi, e-Faktura, i analiti\u010dke sposobnosti, prijavite se i postanite deo dinami\u010dnog tima!\" \/>\n<meta name=\"robots\" content=\"index, follow, max-snippet:-1, max-image-preview:large, max-video-preview:-1\" \/>\n<link rel=\"canonical\" href=\"https:\/\/staging.alibris.rs\/en\/oglas-za-posao\/\" \/>\n<meta property=\"og:locale\" content=\"en_GB\" \/>\n<meta property=\"og:type\" content=\"article\" \/>\n<meta property=\"og:title\" content=\"Potrebna osoba za rad u ra\u010dunovodstvenoj ageniciji\" \/>\n<meta property=\"og:description\" content=\"Alibris ra\u010dunovodstvena agencija tra\u017ei iskusnog ra\u010dunovo\u0111u (Senior) za rad na Novom Beogradu. Ako imate 5+ godina iskustva, znanje u MS Office, e-Porezi, e-Faktura, i analiti\u010dke sposobnosti, prijavite se i postanite deo dinami\u010dnog tima!\" \/>\n<meta property=\"og:url\" content=\"https:\/\/staging.alibris.rs\/en\/oglas-za-posao\/\" \/>\n<meta property=\"og:site_name\" content=\"Alibris - Ra\u010dunovodstvo, porezi i savetovanje\" \/>\n<meta property=\"article:publisher\" content=\"https:\/\/www.facebook.com\/alibris.doo\/\" \/>\n<meta property=\"article:modified_time\" content=\"2025-07-29T14:35:59+00:00\" \/>\n<meta property=\"og:image\" content=\"https:\/\/staging.alibris.rs\/wp-content\/uploads\/2023\/02\/Feature-image-Alibris.jpg\" \/>\n\t<meta property=\"og:image:width\" content=\"1200\" \/>\n\t<meta property=\"og:image:height\" content=\"800\" \/>\n\t<meta property=\"og:image:type\" content=\"image\/jpeg\" \/>\n<meta name=\"twitter:card\" content=\"summary_large_image\" \/>\n<meta name=\"twitter:label1\" content=\"Estimated reading time\" \/>\n\t<meta name=\"twitter:data1\" content=\"2 minutes\" \/>\n<script type=\"application\/ld+json\" class=\"yoast-schema-graph\">{\"@context\":\"https:\\\/\\\/schema.org\",\"@graph\":[{\"@type\":\"WebPage\",\"@id\":\"https:\\\/\\\/staging.alibris.rs\\\/oglas-za-posao\\\/\",\"url\":\"https:\\\/\\\/staging.alibris.rs\\\/oglas-za-posao\\\/\",\"name\":\"Potrebna osoba za rad u ra\u010dunovodstvenoj ageniciji\",\"isPartOf\":{\"@id\":\"https:\\\/\\\/staging.alibris.rs\\\/#website\"},\"datePublished\":\"2023-06-26T21:43:19+00:00\",\"dateModified\":\"2025-07-29T14:35:59+00:00\",\"description\":\"Alibris ra\u010dunovodstvena agencija tra\u017ei iskusnog ra\u010dunovo\u0111u (Senior) za rad na Novom Beogradu. Ako imate 5+ godina iskustva, znanje u MS Office, e-Porezi, e-Faktura, i analiti\u010dke sposobnosti, prijavite se i postanite deo dinami\u010dnog tima!\",\"breadcrumb\":{\"@id\":\"https:\\\/\\\/staging.alibris.rs\\\/oglas-za-posao\\\/#breadcrumb\"},\"inLanguage\":\"en-GB\",\"potentialAction\":[{\"@type\":\"ReadAction\",\"target\":[\"https:\\\/\\\/staging.alibris.rs\\\/oglas-za-posao\\\/\"]}]},{\"@type\":\"BreadcrumbList\",\"@id\":\"https:\\\/\\\/staging.alibris.rs\\\/oglas-za-posao\\\/#breadcrumb\",\"itemListElement\":[{\"@type\":\"ListItem\",\"position\":1,\"name\":\"Po\u010detna\",\"item\":\"https:\\\/\\\/staging.alibris.rs\\\/\"},{\"@type\":\"ListItem\",\"position\":2,\"name\":\"Zapo\u0161ljavamo\"}]},{\"@type\":\"WebSite\",\"@id\":\"https:\\\/\\\/staging.alibris.rs\\\/#website\",\"url\":\"https:\\\/\\\/staging.alibris.rs\\\/\",\"name\":\"Alibris Accounting - ra\u010dunovodstvo i poresko savetovanje\",\"description\":\"Ra\u010dunovodstvo i knjigovodstvo u Beogradu. Alibris pru\u017ea kompletne finansijske usluge za firme i preduzetnike.\",\"publisher\":{\"@id\":\"https:\\\/\\\/staging.alibris.rs\\\/#organization\"},\"potentialAction\":[{\"@type\":\"SearchAction\",\"target\":{\"@type\":\"EntryPoint\",\"urlTemplate\":\"https:\\\/\\\/staging.alibris.rs\\\/?s={search_term_string}\"},\"query-input\":{\"@type\":\"PropertyValueSpecification\",\"valueRequired\":true,\"valueName\":\"search_term_string\"}}],\"inLanguage\":\"en-GB\"},{\"@type\":\"Organization\",\"@id\":\"https:\\\/\\\/staging.alibris.rs\\\/#organization\",\"name\":\"Alibris doo\",\"url\":\"https:\\\/\\\/staging.alibris.rs\\\/\",\"logo\":{\"@type\":\"ImageObject\",\"inLanguage\":\"en-GB\",\"@id\":\"https:\\\/\\\/staging.alibris.rs\\\/#\\\/schema\\\/logo\\\/image\\\/\",\"url\":\"https:\\\/\\\/staging.alibris.rs\\\/wp-content\\\/uploads\\\/2023\\\/02\\\/Alibris_Fav_Icon.png\",\"contentUrl\":\"https:\\\/\\\/staging.alibris.rs\\\/wp-content\\\/uploads\\\/2023\\\/02\\\/Alibris_Fav_Icon.png\",\"width\":359,\"height\":281,\"caption\":\"Alibris doo\"},\"image\":{\"@id\":\"https:\\\/\\\/staging.alibris.rs\\\/#\\\/schema\\\/logo\\\/image\\\/\"},\"sameAs\":[\"https:\\\/\\\/www.facebook.com\\\/alibris.doo\\\/\",\"https:\\\/\\\/www.instagram.com\\\/alibris_\\\/\"]}]}<\/script>\n<!-- \/ Yoast SEO plugin. -->","yoast_head_json":{"title":"Potrebna osoba za rad u ra\u010dunovodstvenoj ageniciji","description":"Alibris ra\u010dunovodstvena agencija tra\u017ei iskusnog ra\u010dunovo\u0111u (Senior) za rad na Novom Beogradu. Ako imate 5+ godina iskustva, znanje u MS Office, e-Porezi, e-Faktura, i analiti\u010dke sposobnosti, prijavite se i postanite deo dinami\u010dnog tima!","robots":{"index":"index","follow":"follow","max-snippet":"max-snippet:-1","max-image-preview":"max-image-preview:large","max-video-preview":"max-video-preview:-1"},"canonical":"https:\/\/staging.alibris.rs\/en\/oglas-za-posao\/","og_locale":"en_GB","og_type":"article","og_title":"Potrebna osoba za rad u ra\u010dunovodstvenoj ageniciji","og_description":"Alibris ra\u010dunovodstvena agencija tra\u017ei iskusnog ra\u010dunovo\u0111u (Senior) za rad na Novom Beogradu. Ako imate 5+ godina iskustva, znanje u MS Office, e-Porezi, e-Faktura, i analiti\u010dke sposobnosti, prijavite se i postanite deo dinami\u010dnog tima!","og_url":"https:\/\/staging.alibris.rs\/en\/oglas-za-posao\/","og_site_name":"Alibris - Ra\u010dunovodstvo, porezi i savetovanje","article_publisher":"https:\/\/www.facebook.com\/alibris.doo\/","article_modified_time":"2025-07-29T14:35:59+00:00","og_image":[{"width":1200,"height":800,"url":"https:\/\/staging.alibris.rs\/wp-content\/uploads\/2023\/02\/Feature-image-Alibris.jpg","type":"image\/jpeg"}],"twitter_card":"summary_large_image","twitter_misc":{"Estimated reading time":"2 minutes"},"schema":{"@context":"https:\/\/schema.org","@graph":[{"@type":"WebPage","@id":"https:\/\/staging.alibris.rs\/oglas-za-posao\/","url":"https:\/\/staging.alibris.rs\/oglas-za-posao\/","name":"Potrebna osoba za rad u ra\u010dunovodstvenoj ageniciji","isPartOf":{"@id":"https:\/\/staging.alibris.rs\/#website"},"datePublished":"2023-06-26T21:43:19+00:00","dateModified":"2025-07-29T14:35:59+00:00","description":"Alibris ra\u010dunovodstvena agencija tra\u017ei iskusnog ra\u010dunovo\u0111u (Senior) za rad na Novom Beogradu. Ako imate 5+ godina iskustva, znanje u MS Office, e-Porezi, e-Faktura, i analiti\u010dke sposobnosti, prijavite se i postanite deo dinami\u010dnog tima!","breadcrumb":{"@id":"https:\/\/staging.alibris.rs\/oglas-za-posao\/#breadcrumb"},"inLanguage":"en-GB","potentialAction":[{"@type":"ReadAction","target":["https:\/\/staging.alibris.rs\/oglas-za-posao\/"]}]},{"@type":"BreadcrumbList","@id":"https:\/\/staging.alibris.rs\/oglas-za-posao\/#breadcrumb","itemListElement":[{"@type":"ListItem","position":1,"name":"Po\u010detna","item":"https:\/\/staging.alibris.rs\/"},{"@type":"ListItem","position":2,"name":"Zapo\u0161ljavamo"}]},{"@type":"WebSite","@id":"https:\/\/staging.alibris.rs\/#website","url":"https:\/\/staging.alibris.rs\/","name":"Alibris Accounting - ra\u010dunovodstvo i poresko savetovanje","description":"Ra\u010dunovodstvo i knjigovodstvo u Beogradu. Alibris pru\u017ea kompletne finansijske usluge za firme i preduzetnike.","publisher":{"@id":"https:\/\/staging.alibris.rs\/#organization"},"potentialAction":[{"@type":"SearchAction","target":{"@type":"EntryPoint","urlTemplate":"https:\/\/staging.alibris.rs\/?s={search_term_string}"},"query-input":{"@type":"PropertyValueSpecification","valueRequired":true,"valueName":"search_term_string"}}],"inLanguage":"en-GB"},{"@type":"Organization","@id":"https:\/\/staging.alibris.rs\/#organization","name":"Alibris doo","url":"https:\/\/staging.alibris.rs\/","logo":{"@type":"ImageObject","inLanguage":"en-GB","@id":"https:\/\/staging.alibris.rs\/#\/schema\/logo\/image\/","url":"https:\/\/staging.alibris.rs\/wp-content\/uploads\/2023\/02\/Alibris_Fav_Icon.png","contentUrl":"https:\/\/staging.alibris.rs\/wp-content\/uploads\/2023\/02\/Alibris_Fav_Icon.png","width":359,"height":281,"caption":"Alibris doo"},"image":{"@id":"https:\/\/staging.alibris.rs\/#\/schema\/logo\/image\/"},"sameAs":["https:\/\/www.facebook.com\/alibris.doo\/","https:\/\/www.instagram.com\/alibris_\/"]}]}},"_links":{"self":[{"href":"https:\/\/staging.alibris.rs\/en\/wp-json\/wp\/v2\/pages\/605","targetHints":{"allow":["GET"]}}],"collection":[{"href":"https:\/\/staging.alibris.rs\/en\/wp-json\/wp\/v2\/pages"}],"about":[{"href":"https:\/\/staging.alibris.rs\/en\/wp-json\/wp\/v2\/types\/page"}],"author":[{"embeddable":true,"href":"https:\/\/staging.alibris.rs\/en\/wp-json\/wp\/v2\/users\/1"}],"replies":[{"embeddable":true,"href":"https:\/\/staging.alibris.rs\/en\/wp-json\/wp\/v2\/comments?post=605"}],"version-history":[{"count":0,"href":"https:\/\/staging.alibris.rs\/en\/wp-json\/wp\/v2\/pages\/605\/revisions"}],"wp:attachment":[{"href":"https:\/\/staging.alibris.rs\/en\/wp-json\/wp\/v2\/media?parent=605"}],"curies":[{"name":"wp","href":"https:\/\/api.w.org\/{rel}","templated":true}]}}