{"id":895,"date":"2025-07-24T21:47:36","date_gmt":"2025-07-24T21:47:36","guid":{"rendered":"https:\/\/staging.alibris.rs\/?page_id=895"},"modified":"2025-12-12T16:48:01","modified_gmt":"2025-12-12T15:48:01","slug":"poresko-savetovanje","status":"publish","type":"page","link":"https:\/\/staging.alibris.rs\/en\/poresko-savetovanje\/","title":{"rendered":"Tax consulting"},"content":{"rendered":"<div data-elementor-type=\"wp-page\" data-elementor-id=\"895\" class=\"elementor elementor-895\">\n\t\t\t\t\t\t<section class=\"elementor-section elementor-top-section elementor-element elementor-element-4fdc177 elementor-section-boxed elementor-section-height-default elementor-section-height-default\" data-id=\"4fdc177\" data-element_type=\"section\" data-e-type=\"section\">\n\t\t\t\t\t\t<div class=\"elementor-container elementor-column-gap-default\">\n\t\t\t\t\t<div class=\"elementor-column elementor-col-100 elementor-top-column elementor-element elementor-element-39854f9\" data-id=\"39854f9\" data-element_type=\"column\" data-e-type=\"column\">\n\t\t\t<div class=\"elementor-widget-wrap elementor-element-populated\">\n\t\t\t\t\t\t<div class=\"elementor-element elementor-element-a432bad sec_t_align elementor-align-center elementor-widget elementor-widget-tw-sec-title\" data-id=\"a432bad\" data-element_type=\"widget\" data-e-type=\"widget\" data-widget_type=\"tw-sec-title.default\">\n\t\t\t\t<div class=\"elementor-widget-container\">\n\t\t\t\t\t                            <h2 class=\"secTitle\">Poresko  <span>savetovanje<\/span><\/h2>\r\n                \t\t\t\t<\/div>\n\t\t\t\t<\/div>\n\t\t\t\t\t<\/div>\n\t\t<\/div>\n\t\t\t\t\t<\/div>\n\t\t<\/section>\n\t\t\t\t<section class=\"elementor-section elementor-top-section elementor-element elementor-element-7396a62 elementor-section-boxed elementor-section-height-default elementor-section-height-default\" data-id=\"7396a62\" data-element_type=\"section\" data-e-type=\"section\">\n\t\t\t\t\t\t<div class=\"elementor-container elementor-column-gap-default\">\n\t\t\t\t\t<div class=\"elementor-column elementor-col-50 elementor-top-column elementor-element elementor-element-463f572\" data-id=\"463f572\" data-element_type=\"column\" data-e-type=\"column\">\n\t\t\t<div class=\"elementor-widget-wrap elementor-element-populated\">\n\t\t\t\t\t\t<div class=\"elementor-element elementor-element-134980c list_align elementor-align-left elementor-widget elementor-widget-tw-lists\" data-id=\"134980c\" data-element_type=\"widget\" data-e-type=\"widget\" data-widget_type=\"tw-lists.default\">\n\t\t\t\t<div class=\"elementor-widget-container\">\n\t\t\t\t\t                <ul class=\"listItem\">\r\n                                        <li>\r\n                                                    <i class=\"twi-arrow-alt-circle-right\"><\/i>\r\n                                                Kao \u0161to je svaki pojedinac jedinstven tako je i svako pravno lice i njihova finansijska situacija. \n                    <\/li>\r\n                                        <li>\r\n                                                    <i class=\"twi-arrow-alt-circle-right\"><\/i>\r\n                                                Poresko savetovanje pru\u017ea savete za konretnu situaciju, razumevajuc\u0301i nijanse finansijskog okru\u017eenja svakog klijenta.\n                    <\/li>\r\n                                    <\/ul>\r\n            \t\t\t\t<\/div>\n\t\t\t\t<\/div>\n\t\t\t\t\t<\/div>\n\t\t<\/div>\n\t\t\t\t<div class=\"elementor-column elementor-col-50 elementor-top-column elementor-element elementor-element-60ad84e\" data-id=\"60ad84e\" data-element_type=\"column\" data-e-type=\"column\">\n\t\t\t<div class=\"elementor-widget-wrap elementor-element-populated\">\n\t\t\t\t\t\t<div class=\"elementor-element elementor-element-078a1e5 elementor-widget elementor-widget-image\" data-id=\"078a1e5\" data-element_type=\"widget\" data-e-type=\"widget\" data-widget_type=\"image.default\">\n\t\t\t\t<div class=\"elementor-widget-container\">\n\t\t\t\t\t\t\t\t\t\t\t\t\t\t\t<img fetchpriority=\"high\" decoding=\"async\" width=\"1000\" height=\"1000\" src=\"https:\/\/staging.alibris.rs\/wp-content\/uploads\/2025\/07\/porezi-tax_02.jpg\" class=\"attachment-large size-large wp-image-899\" alt=\"\" srcset=\"https:\/\/staging.alibris.rs\/wp-content\/uploads\/2025\/07\/porezi-tax_02.jpg 1000w, https:\/\/staging.alibris.rs\/wp-content\/uploads\/2025\/07\/porezi-tax_02-300x300.jpg 300w, https:\/\/staging.alibris.rs\/wp-content\/uploads\/2025\/07\/porezi-tax_02-150x150.jpg 150w, https:\/\/staging.alibris.rs\/wp-content\/uploads\/2025\/07\/porezi-tax_02-768x768.jpg 768w\" sizes=\"(max-width: 1000px) 100vw, 1000px\" \/>\t\t\t\t\t\t\t\t\t\t\t\t\t\t\t<\/div>\n\t\t\t\t<\/div>\n\t\t\t\t\t<\/div>\n\t\t<\/div>\n\t\t\t\t\t<\/div>\n\t\t<\/section>\n\t\t\t\t<section class=\"elementor-section elementor-top-section elementor-element elementor-element-9462c4e elementor-section-boxed elementor-section-height-default elementor-section-height-default\" data-id=\"9462c4e\" data-element_type=\"section\" data-e-type=\"section\">\n\t\t\t\t\t\t<div class=\"elementor-container elementor-column-gap-default\">\n\t\t\t\t\t<div class=\"elementor-column elementor-col-100 elementor-top-column elementor-element elementor-element-67b3031\" data-id=\"67b3031\" data-element_type=\"column\" data-e-type=\"column\">\n\t\t\t<div class=\"elementor-widget-wrap elementor-element-populated\">\n\t\t\t\t\t\t<div class=\"elementor-element elementor-element-737bf6b list_align elementor-align-left elementor-widget elementor-widget-tw-lists\" data-id=\"737bf6b\" data-element_type=\"widget\" data-e-type=\"widget\" data-widget_type=\"tw-lists.default\">\n\t\t\t\t<div class=\"elementor-widget-container\">\n\t\t\t\t\t                <ul class=\"listItem\">\r\n                                        <li>\r\n                                                    <i class=\"twi-arrow-alt-circle-right\"><\/i>\r\n                                                Poresko planiranje je analiza finansijske situacije ili plana kako bi se osiguralo da svi elementi rade zajedno kako bi vam omoguc\u0301ili da platite najni\u017ee moguc\u0301e poreze. Razmatranja poreskog planiranja uklju\u010duju tajming prihoda, veli\u010dinu, vreme kupovine i planiranje rashoda.\n                    <\/li>\r\n                                        <li>\r\n                                                    <i class=\"twi-arrow-alt-circle-right\"><\/i>\r\n                                                Poresko ra\u010dunovodstvo je definisano kao specijalizovana oblast ra\u010dunovodstva usmerena na minimiziranje poreskih obaveza i obezbe\u0111ivanje uskla\u0111enosti sa poreskim zakonima i propisima za pojedince i organizacije. To uklju\u010duje po\u0161tovanje posebnog skupa pravila i principa za izve\u0161tavanje prihoda i rashoda u poreske svrhe.\n                    <\/li>\r\n                                        <li>\r\n                                                    <i class=\"twi-arrow-alt-circle-right\"><\/i>\r\n                                                Izrada dokumentacije za registraciju firme kod Poreske uprave pre otpo\u010dinjanja delatnosti\n                    <\/li>\r\n                                        <li>\r\n                                                    <i class=\"twi-arrow-alt-circle-right\"><\/i>\r\n                                                Obra\u010dun naknade i poreza i doprinosa na ugovore sa fizi\u010dkim licima                    <\/li>\r\n                                        <li>\r\n                                                    <i class=\"twi-arrow-alt-circle-right\"><\/i>\r\n                                                Obra\u010dun ostalih poreskih obaveza, izrada i predaja poreskih prijava elektronskim putem                    <\/li>\r\n                                        <li>\r\n                                                    <i class=\"twi-arrow-alt-circle-right\"><\/i>\r\n                                                Informisanje klijenta o aktuelnim poreskim zakonima                    <\/li>\r\n                                        <li>\r\n                                                    <i class=\"twi-arrow-alt-circle-right\"><\/i>\r\n                                                Savetovanje iz oblasti finansija i poreskog prava                    <\/li>\r\n                                    <\/ul>\r\n            \t\t\t\t<\/div>\n\t\t\t\t<\/div>\n\t\t\t\t\t<\/div>\n\t\t<\/div>\n\t\t\t\t\t<\/div>\n\t\t<\/section>\n\t\t\t\t<\/div>","protected":false},"excerpt":{"rendered":"<p>Poresko savetovanje Kao \u0161to je svaki pojedinac jedinstven tako je i svako pravno lice i njihova finansijska situacija. Poresko savetovanje pru\u017ea savete za konretnu situaciju, razumevajuc\u0301i nijanse finansijskog okru\u017eenja svakog klijenta. Poresko planiranje je analiza finansijske situacije ili plana kako bi se osiguralo da svi elementi rade zajedno kako bi vam omoguc\u0301ili da platite najni\u017ee [&hellip;]<\/p>\n","protected":false},"author":1,"featured_media":0,"parent":0,"menu_order":0,"comment_status":"closed","ping_status":"closed","template":"elementor_header_footer","meta":{"footnotes":""},"class_list":["post-895","page","type-page","status-publish","hentry"],"yoast_head":"<!-- This site is optimized with the Yoast SEO plugin v27.4 - https:\/\/yoast.com\/product\/yoast-seo-wordpress\/ -->\n<title>Poresko savetovanje | Poreski saveti i optimizacija \u2013 Alibris<\/title>\n<meta name=\"description\" content=\"Stru\u010dno poresko savetovanje za preduzetnike i firme. Poreska optimizacija, tuma\u010denje propisa i smanjenje poreskih rizika u skladu sa zakonima Srbije.\" \/>\n<meta name=\"robots\" content=\"index, follow, max-snippet:-1, max-image-preview:large, max-video-preview:-1\" \/>\n<link rel=\"canonical\" href=\"https:\/\/staging.alibris.rs\/en\/poresko-savetovanje\/\" \/>\n<meta property=\"og:locale\" content=\"en_GB\" \/>\n<meta property=\"og:type\" content=\"article\" \/>\n<meta property=\"og:title\" content=\"Poresko savetovanje | Poreski saveti i optimizacija \u2013 Alibris\" \/>\n<meta property=\"og:description\" content=\"Stru\u010dno poresko savetovanje za preduzetnike i firme. Poreska optimizacija, tuma\u010denje propisa i smanjenje poreskih rizika u skladu sa zakonima Srbije.\" \/>\n<meta property=\"og:url\" content=\"https:\/\/staging.alibris.rs\/en\/poresko-savetovanje\/\" \/>\n<meta property=\"og:site_name\" content=\"Alibris - Ra\u010dunovodstvo, porezi i savetovanje\" \/>\n<meta property=\"article:publisher\" content=\"https:\/\/www.facebook.com\/alibris.doo\/\" \/>\n<meta property=\"article:modified_time\" content=\"2025-12-12T15:48:01+00:00\" \/>\n<meta property=\"og:image\" content=\"https:\/\/staging.alibris.rs\/wp-content\/uploads\/2025\/07\/porezi-tax_02.jpg\" \/>\n\t<meta property=\"og:image:width\" content=\"1000\" \/>\n\t<meta property=\"og:image:height\" content=\"1000\" \/>\n\t<meta property=\"og:image:type\" content=\"image\/jpeg\" \/>\n<meta name=\"twitter:card\" content=\"summary_large_image\" \/>\n<meta name=\"twitter:label1\" content=\"Estimated reading time\" \/>\n\t<meta name=\"twitter:data1\" content=\"2 minutes\" \/>\n<script type=\"application\/ld+json\" class=\"yoast-schema-graph\">{\"@context\":\"https:\\\/\\\/schema.org\",\"@graph\":[{\"@type\":\"WebPage\",\"@id\":\"https:\\\/\\\/staging.alibris.rs\\\/poresko-savetovanje\\\/\",\"url\":\"https:\\\/\\\/staging.alibris.rs\\\/poresko-savetovanje\\\/\",\"name\":\"Poresko savetovanje | Poreski saveti i optimizacija \u2013 Alibris\",\"isPartOf\":{\"@id\":\"https:\\\/\\\/staging.alibris.rs\\\/#website\"},\"primaryImageOfPage\":{\"@id\":\"https:\\\/\\\/staging.alibris.rs\\\/poresko-savetovanje\\\/#primaryimage\"},\"image\":{\"@id\":\"https:\\\/\\\/staging.alibris.rs\\\/poresko-savetovanje\\\/#primaryimage\"},\"thumbnailUrl\":\"https:\\\/\\\/staging.alibris.rs\\\/wp-content\\\/uploads\\\/2025\\\/07\\\/porezi-tax_02.jpg\",\"datePublished\":\"2025-07-24T21:47:36+00:00\",\"dateModified\":\"2025-12-12T15:48:01+00:00\",\"description\":\"Stru\u010dno poresko savetovanje za preduzetnike i firme. Poreska optimizacija, tuma\u010denje propisa i smanjenje poreskih rizika u skladu sa zakonima Srbije.\",\"breadcrumb\":{\"@id\":\"https:\\\/\\\/staging.alibris.rs\\\/poresko-savetovanje\\\/#breadcrumb\"},\"inLanguage\":\"en-GB\",\"potentialAction\":[{\"@type\":\"ReadAction\",\"target\":[\"https:\\\/\\\/staging.alibris.rs\\\/poresko-savetovanje\\\/\"]}]},{\"@type\":\"ImageObject\",\"inLanguage\":\"en-GB\",\"@id\":\"https:\\\/\\\/staging.alibris.rs\\\/poresko-savetovanje\\\/#primaryimage\",\"url\":\"https:\\\/\\\/staging.alibris.rs\\\/wp-content\\\/uploads\\\/2025\\\/07\\\/porezi-tax_02.jpg\",\"contentUrl\":\"https:\\\/\\\/staging.alibris.rs\\\/wp-content\\\/uploads\\\/2025\\\/07\\\/porezi-tax_02.jpg\"},{\"@type\":\"BreadcrumbList\",\"@id\":\"https:\\\/\\\/staging.alibris.rs\\\/poresko-savetovanje\\\/#breadcrumb\",\"itemListElement\":[{\"@type\":\"ListItem\",\"position\":1,\"name\":\"Po\u010detna\",\"item\":\"https:\\\/\\\/staging.alibris.rs\\\/\"},{\"@type\":\"ListItem\",\"position\":2,\"name\":\"Poresko savetovanje\"}]},{\"@type\":\"WebSite\",\"@id\":\"https:\\\/\\\/staging.alibris.rs\\\/#website\",\"url\":\"https:\\\/\\\/staging.alibris.rs\\\/\",\"name\":\"Alibris Accounting - ra\u010dunovodstvo i poresko savetovanje\",\"description\":\"Ra\u010dunovodstvo i knjigovodstvo u Beogradu. Alibris pru\u017ea kompletne finansijske usluge za firme i preduzetnike.\",\"publisher\":{\"@id\":\"https:\\\/\\\/staging.alibris.rs\\\/#organization\"},\"potentialAction\":[{\"@type\":\"SearchAction\",\"target\":{\"@type\":\"EntryPoint\",\"urlTemplate\":\"https:\\\/\\\/staging.alibris.rs\\\/?s={search_term_string}\"},\"query-input\":{\"@type\":\"PropertyValueSpecification\",\"valueRequired\":true,\"valueName\":\"search_term_string\"}}],\"inLanguage\":\"en-GB\"},{\"@type\":\"Organization\",\"@id\":\"https:\\\/\\\/staging.alibris.rs\\\/#organization\",\"name\":\"Alibris doo\",\"url\":\"https:\\\/\\\/staging.alibris.rs\\\/\",\"logo\":{\"@type\":\"ImageObject\",\"inLanguage\":\"en-GB\",\"@id\":\"https:\\\/\\\/staging.alibris.rs\\\/#\\\/schema\\\/logo\\\/image\\\/\",\"url\":\"https:\\\/\\\/staging.alibris.rs\\\/wp-content\\\/uploads\\\/2023\\\/02\\\/Alibris_Fav_Icon.png\",\"contentUrl\":\"https:\\\/\\\/staging.alibris.rs\\\/wp-content\\\/uploads\\\/2023\\\/02\\\/Alibris_Fav_Icon.png\",\"width\":359,\"height\":281,\"caption\":\"Alibris doo\"},\"image\":{\"@id\":\"https:\\\/\\\/staging.alibris.rs\\\/#\\\/schema\\\/logo\\\/image\\\/\"},\"sameAs\":[\"https:\\\/\\\/www.facebook.com\\\/alibris.doo\\\/\",\"https:\\\/\\\/www.instagram.com\\\/alibris_\\\/\"]}]}<\/script>\n<!-- \/ Yoast SEO plugin. -->","yoast_head_json":{"title":"Poresko savetovanje | Poreski saveti i optimizacija \u2013 Alibris","description":"Stru\u010dno poresko savetovanje za preduzetnike i firme. Poreska optimizacija, tuma\u010denje propisa i smanjenje poreskih rizika u skladu sa zakonima Srbije.","robots":{"index":"index","follow":"follow","max-snippet":"max-snippet:-1","max-image-preview":"max-image-preview:large","max-video-preview":"max-video-preview:-1"},"canonical":"https:\/\/staging.alibris.rs\/en\/poresko-savetovanje\/","og_locale":"en_GB","og_type":"article","og_title":"Poresko savetovanje | Poreski saveti i optimizacija \u2013 Alibris","og_description":"Stru\u010dno poresko savetovanje za preduzetnike i firme. Poreska optimizacija, tuma\u010denje propisa i smanjenje poreskih rizika u skladu sa zakonima Srbije.","og_url":"https:\/\/staging.alibris.rs\/en\/poresko-savetovanje\/","og_site_name":"Alibris - Ra\u010dunovodstvo, porezi i savetovanje","article_publisher":"https:\/\/www.facebook.com\/alibris.doo\/","article_modified_time":"2025-12-12T15:48:01+00:00","og_image":[{"width":1000,"height":1000,"url":"https:\/\/staging.alibris.rs\/wp-content\/uploads\/2025\/07\/porezi-tax_02.jpg","type":"image\/jpeg"}],"twitter_card":"summary_large_image","twitter_misc":{"Estimated reading time":"2 minutes"},"schema":{"@context":"https:\/\/schema.org","@graph":[{"@type":"WebPage","@id":"https:\/\/staging.alibris.rs\/poresko-savetovanje\/","url":"https:\/\/staging.alibris.rs\/poresko-savetovanje\/","name":"Poresko savetovanje | Poreski saveti i optimizacija \u2013 Alibris","isPartOf":{"@id":"https:\/\/staging.alibris.rs\/#website"},"primaryImageOfPage":{"@id":"https:\/\/staging.alibris.rs\/poresko-savetovanje\/#primaryimage"},"image":{"@id":"https:\/\/staging.alibris.rs\/poresko-savetovanje\/#primaryimage"},"thumbnailUrl":"https:\/\/staging.alibris.rs\/wp-content\/uploads\/2025\/07\/porezi-tax_02.jpg","datePublished":"2025-07-24T21:47:36+00:00","dateModified":"2025-12-12T15:48:01+00:00","description":"Stru\u010dno poresko savetovanje za preduzetnike i firme. Poreska optimizacija, tuma\u010denje propisa i smanjenje poreskih rizika u skladu sa zakonima Srbije.","breadcrumb":{"@id":"https:\/\/staging.alibris.rs\/poresko-savetovanje\/#breadcrumb"},"inLanguage":"en-GB","potentialAction":[{"@type":"ReadAction","target":["https:\/\/staging.alibris.rs\/poresko-savetovanje\/"]}]},{"@type":"ImageObject","inLanguage":"en-GB","@id":"https:\/\/staging.alibris.rs\/poresko-savetovanje\/#primaryimage","url":"https:\/\/staging.alibris.rs\/wp-content\/uploads\/2025\/07\/porezi-tax_02.jpg","contentUrl":"https:\/\/staging.alibris.rs\/wp-content\/uploads\/2025\/07\/porezi-tax_02.jpg"},{"@type":"BreadcrumbList","@id":"https:\/\/staging.alibris.rs\/poresko-savetovanje\/#breadcrumb","itemListElement":[{"@type":"ListItem","position":1,"name":"Po\u010detna","item":"https:\/\/staging.alibris.rs\/"},{"@type":"ListItem","position":2,"name":"Poresko savetovanje"}]},{"@type":"WebSite","@id":"https:\/\/staging.alibris.rs\/#website","url":"https:\/\/staging.alibris.rs\/","name":"Alibris Accounting - ra\u010dunovodstvo i poresko savetovanje","description":"Ra\u010dunovodstvo i knjigovodstvo u Beogradu. Alibris pru\u017ea kompletne finansijske usluge za firme i preduzetnike.","publisher":{"@id":"https:\/\/staging.alibris.rs\/#organization"},"potentialAction":[{"@type":"SearchAction","target":{"@type":"EntryPoint","urlTemplate":"https:\/\/staging.alibris.rs\/?s={search_term_string}"},"query-input":{"@type":"PropertyValueSpecification","valueRequired":true,"valueName":"search_term_string"}}],"inLanguage":"en-GB"},{"@type":"Organization","@id":"https:\/\/staging.alibris.rs\/#organization","name":"Alibris doo","url":"https:\/\/staging.alibris.rs\/","logo":{"@type":"ImageObject","inLanguage":"en-GB","@id":"https:\/\/staging.alibris.rs\/#\/schema\/logo\/image\/","url":"https:\/\/staging.alibris.rs\/wp-content\/uploads\/2023\/02\/Alibris_Fav_Icon.png","contentUrl":"https:\/\/staging.alibris.rs\/wp-content\/uploads\/2023\/02\/Alibris_Fav_Icon.png","width":359,"height":281,"caption":"Alibris doo"},"image":{"@id":"https:\/\/staging.alibris.rs\/#\/schema\/logo\/image\/"},"sameAs":["https:\/\/www.facebook.com\/alibris.doo\/","https:\/\/www.instagram.com\/alibris_\/"]}]}},"_links":{"self":[{"href":"https:\/\/staging.alibris.rs\/en\/wp-json\/wp\/v2\/pages\/895","targetHints":{"allow":["GET"]}}],"collection":[{"href":"https:\/\/staging.alibris.rs\/en\/wp-json\/wp\/v2\/pages"}],"about":[{"href":"https:\/\/staging.alibris.rs\/en\/wp-json\/wp\/v2\/types\/page"}],"author":[{"embeddable":true,"href":"https:\/\/staging.alibris.rs\/en\/wp-json\/wp\/v2\/users\/1"}],"replies":[{"embeddable":true,"href":"https:\/\/staging.alibris.rs\/en\/wp-json\/wp\/v2\/comments?post=895"}],"version-history":[{"count":0,"href":"https:\/\/staging.alibris.rs\/en\/wp-json\/wp\/v2\/pages\/895\/revisions"}],"wp:attachment":[{"href":"https:\/\/staging.alibris.rs\/en\/wp-json\/wp\/v2\/media?parent=895"}],"curies":[{"name":"wp","href":"https:\/\/api.w.org\/{rel}","templated":true}]}}