{"id":914,"date":"2025-07-24T21:53:19","date_gmt":"2025-07-24T21:53:19","guid":{"rendered":"https:\/\/staging.alibris.rs\/?page_id=914"},"modified":"2026-01-08T20:03:25","modified_gmt":"2026-01-08T19:03:25","slug":"tehnicke-usluge","status":"publish","type":"page","link":"https:\/\/staging.alibris.rs\/en\/tehnicke-usluge\/","title":{"rendered":"Technical services"},"content":{"rendered":"<div data-elementor-type=\"wp-page\" data-elementor-id=\"914\" class=\"elementor elementor-914\">\n\t\t\t\t\t\t<section class=\"elementor-section elementor-top-section elementor-element elementor-element-7981e6a elementor-section-boxed elementor-section-height-default elementor-section-height-default\" data-id=\"7981e6a\" data-element_type=\"section\" data-e-type=\"section\">\n\t\t\t\t\t\t<div class=\"elementor-container elementor-column-gap-default\">\n\t\t\t\t\t<div class=\"elementor-column elementor-col-100 elementor-top-column elementor-element elementor-element-a98f4f7\" data-id=\"a98f4f7\" data-element_type=\"column\" data-e-type=\"column\">\n\t\t\t<div class=\"elementor-widget-wrap elementor-element-populated\">\n\t\t\t\t\t\t<div class=\"elementor-element elementor-element-dc29a8b sec_t_align elementor-align-center elementor-widget elementor-widget-tw-sec-title\" data-id=\"dc29a8b\" data-element_type=\"widget\" data-e-type=\"widget\" data-widget_type=\"tw-sec-title.default\">\n\t\t\t\t<div class=\"elementor-widget-container\">\n\t\t\t\t\t                            <h2 class=\"secTitle\">Tehni\u010dke <span>usluge <\/span><\/h2>\r\n                \t\t\t\t<\/div>\n\t\t\t\t<\/div>\n\t\t\t\t\t<\/div>\n\t\t<\/div>\n\t\t\t\t\t<\/div>\n\t\t<\/section>\n\t\t\t\t<section class=\"elementor-section elementor-top-section elementor-element elementor-element-227dbad elementor-section-boxed elementor-section-height-default elementor-section-height-default\" data-id=\"227dbad\" data-element_type=\"section\" data-e-type=\"section\">\n\t\t\t\t\t\t<div class=\"elementor-container elementor-column-gap-default\">\n\t\t\t\t\t<div class=\"elementor-column elementor-col-50 elementor-top-column elementor-element elementor-element-43af82c\" data-id=\"43af82c\" data-element_type=\"column\" data-e-type=\"column\">\n\t\t\t<div class=\"elementor-widget-wrap elementor-element-populated\">\n\t\t\t\t\t\t<div class=\"elementor-element elementor-element-3f438b3 elementor-widget elementor-widget-image\" data-id=\"3f438b3\" data-element_type=\"widget\" data-e-type=\"widget\" data-widget_type=\"image.default\">\n\t\t\t\t<div class=\"elementor-widget-container\">\n\t\t\t\t\t\t\t\t\t\t\t\t\t\t\t<img fetchpriority=\"high\" decoding=\"async\" width=\"900\" height=\"900\" src=\"https:\/\/staging.alibris.rs\/wp-content\/uploads\/2025\/07\/tehnicke-usluge.jpg\" class=\"attachment-large size-large wp-image-920\" alt=\"\" srcset=\"https:\/\/staging.alibris.rs\/wp-content\/uploads\/2025\/07\/tehnicke-usluge.jpg 900w, https:\/\/staging.alibris.rs\/wp-content\/uploads\/2025\/07\/tehnicke-usluge-300x300.jpg 300w, https:\/\/staging.alibris.rs\/wp-content\/uploads\/2025\/07\/tehnicke-usluge-150x150.jpg 150w, https:\/\/staging.alibris.rs\/wp-content\/uploads\/2025\/07\/tehnicke-usluge-768x768.jpg 768w\" sizes=\"(max-width: 900px) 100vw, 900px\" \/>\t\t\t\t\t\t\t\t\t\t\t\t\t\t\t<\/div>\n\t\t\t\t<\/div>\n\t\t\t\t\t<\/div>\n\t\t<\/div>\n\t\t\t\t<div class=\"elementor-column elementor-col-50 elementor-top-column elementor-element elementor-element-6eb3e6f\" data-id=\"6eb3e6f\" data-element_type=\"column\" data-e-type=\"column\">\n\t\t\t<div class=\"elementor-widget-wrap elementor-element-populated\">\n\t\t\t\t\t\t<div class=\"elementor-element elementor-element-71935e7 list_align elementor-align-left elementor-widget elementor-widget-tw-lists\" data-id=\"71935e7\" data-element_type=\"widget\" data-e-type=\"widget\" data-widget_type=\"tw-lists.default\">\n\t\t\t\t<div class=\"elementor-widget-container\">\n\t\t\t\t\t                <ul class=\"listItem\">\r\n                                        <li>\r\n                                                    <i class=\"twi-arrow-alt-circle-right\"><\/i>\r\n                                                servisiranje opreme                    <\/li>\r\n                                        <li>\r\n                                                    <i class=\"twi-arrow-alt-circle-right\"><\/i>\r\n                                                in\u017eenjerske i tehni\u010dke usluge                    <\/li>\r\n                                        <li>\r\n                                                    <i class=\"twi-arrow-alt-circle-right\"><\/i>\r\n                                                arhitektonske i tehnicke usluge projektovanja                    <\/li>\r\n                                        <li>\r\n                                                    <i class=\"twi-arrow-alt-circle-right\"><\/i>\r\n                                                nadgledanje izvo\u0111enja projekata                    <\/li>\r\n                                        <li>\r\n                                                    <i class=\"twi-arrow-alt-circle-right\"><\/i>\r\n                                                geodetske usluge                    <\/li>\r\n                                        <li>\r\n                                                    <i class=\"twi-arrow-alt-circle-right\"><\/i>\r\n                                                usluge tehni\u010dke kontrole proizvoda                    <\/li>\r\n                                        <li>\r\n                                                    <i class=\"twi-arrow-alt-circle-right\"><\/i>\r\n                                                otkup konkursne i aukcijske dokumentacije                    <\/li>\r\n                                        <li>\r\n                                                    <i class=\"twi-arrow-alt-circle-right\"><\/i>\r\n                                                IQ OQ kvalifikacija instalacije                    <\/li>\r\n                                    <\/ul>\r\n            \t\t\t\t<\/div>\n\t\t\t\t<\/div>\n\t\t\t\t\t<\/div>\n\t\t<\/div>\n\t\t\t\t\t<\/div>\n\t\t<\/section>\n\t\t\t\t<section class=\"elementor-section elementor-top-section elementor-element elementor-element-982405f elementor-section-boxed elementor-section-height-default elementor-section-height-default\" data-id=\"982405f\" data-element_type=\"section\" data-e-type=\"section\">\n\t\t\t\t\t\t<div class=\"elementor-container elementor-column-gap-default\">\n\t\t\t\t\t<div class=\"elementor-column elementor-col-100 elementor-top-column elementor-element elementor-element-e0e7256\" data-id=\"e0e7256\" data-element_type=\"column\" data-e-type=\"column\">\n\t\t\t<div class=\"elementor-widget-wrap elementor-element-populated\">\n\t\t\t\t\t\t<div class=\"elementor-element elementor-element-132b5a1 elementor-widget elementor-widget-text-editor\" data-id=\"132b5a1\" data-element_type=\"widget\" data-e-type=\"widget\" data-widget_type=\"text-editor.default\">\n\t\t\t\t<div class=\"elementor-widget-container\">\n\t\t\t\t\t\t\t\t\t<p>IQ je skrac\u0301enica za kvalifikaciju instalacije, OQ za operativnu. Svrha validacije procesa je da se uspostavi<br \/>dokumentovani dokaz da je proizvodna oprema ispravno instalirana, da radi u skladu sa zahtevima i da radi bezbedno.<br \/>U industriji medicinskih ure\u0111aja, \u010dak i jedan neuspeh u proizvodnom procesu mo\u017ee dovesti do razarajuc\u0301ih posledica<br \/>za pacijente.<\/p><p><strong>Na\u0161e usluge:<\/strong><\/p><ul><li>Kvalifikacija instalacije (IQ) \u2013 Kvalifikacija instalacije se koristi da bi se osiguralo da je instalacija bilo<br \/>koje neophodne opreme, cevovoda, usluga ili instrumenata izvr\u0161ena u skladu sa zahtevima proizvo\u0111a\u010da.<\/li><li>Operativna kvalifikacija (OQ) \u2013 Tokom operativne kvalifikacije, opremu treba testirati da bi se utvrdile granice<br \/>kontrole procesa, moguc\u0301i na\u010dini otkaza, nivoi akcije i najgori moguc\u0301i scenariji.<\/li><\/ul><p>Na\u0161i zaposleni prate uputstva o validaciji procesa sto ukljucuje: prikupljanje i evaluacija podataka, od faze<br \/>projektovanja procesa do komercijalne proizvodnje, \u010dime se uspostavljaju nau\u010dni dokazi da je proces sposoban da<br \/>dosledno isporu\u010di kvalitetan proizvod.<\/p><p>Da bi pravilno zavr\u0161ili validaciju procesa, proverava se da li su proizvo\u0111a\u010di sproveli i dokumentovati sve tri faze<br \/>IQ, OQ na opremi koju c\u0301e koristiti za proizvodnju svojih ure\u0111aja. Sve faze potvr\u0111uju razli\u010dite aspekte opreme i<br \/>povezanih procesa.<\/p><p><strong>Sledec\u0301i koraci su \u010desto uklju\u010deni u IQ i OQ:<\/strong><\/p><ul><li>Unakrsna provera sadr\u017eaja paketa sa listom pakovanja<\/li><li>Provera o\u0161tec\u0301enja ure\u0111aja<\/li><li>Uverite se da je svaki deo opreme instaliran na odgovarajuc\u0301oj lokaciji<\/li><li>Provera veza sa drugim ure\u0111ajima ili opremom<\/li><li>Provera instalacije bilo koje pomoc\u0301ne opreme<\/li><li>Provera napajanja ure\u0111aja<\/li><li>Provera da li radni uslovi i okru\u017eenje odgovaraju specifikacijama proizvo\u0111a\u010da<\/li><li>Kalibracija snimanja i datumi validacije za opremu koja se koristi u IQ<\/li><li>Organizovanje priru\u010dnika, sertifikata i druge potrebne dokumentacije.<\/li><\/ul>\t\t\t\t\t\t\t\t<\/div>\n\t\t\t\t<\/div>\n\t\t\t\t\t<\/div>\n\t\t<\/div>\n\t\t\t\t\t<\/div>\n\t\t<\/section>\n\t\t\t\t<\/div>","protected":false},"excerpt":{"rendered":"<p>Tehni\u010dke usluge servisiranje opreme in\u017eenjerske i tehni\u010dke usluge arhitektonske i tehnicke usluge projektovanja nadgledanje izvo\u0111enja projekata geodetske usluge usluge tehni\u010dke kontrole proizvoda otkup konkursne i aukcijske dokumentacije IQ OQ kvalifikacija instalacije IQ je skrac\u0301enica za kvalifikaciju instalacije, OQ za operativnu. Svrha validacije procesa je da se uspostavidokumentovani dokaz da je proizvodna oprema ispravno instalirana, da [&hellip;]<\/p>\n","protected":false},"author":1,"featured_media":0,"parent":0,"menu_order":0,"comment_status":"closed","ping_status":"closed","template":"elementor_header_footer","meta":{"footnotes":""},"class_list":["post-914","page","type-page","status-publish","hentry"],"yoast_head":"<!-- This site is optimized with the Yoast SEO plugin v27.4 - https:\/\/yoast.com\/product\/yoast-seo-wordpress\/ -->\n<title>Tehni\u010dke usluge - Alibris - Ra\u010dunovodstvo, porezi i savetovanje<\/title>\n<meta name=\"description\" content=\"Opis tehni\u010dkih usluga: projektovanje, nadzor, in\u017eenjerska podr\u0161ka i druge stru\u010dne usluge za gra\u0111evinarstvo, instalacije i tehni\u010dke potrebe.\" \/>\n<meta name=\"robots\" content=\"index, follow, max-snippet:-1, max-image-preview:large, max-video-preview:-1\" \/>\n<link rel=\"canonical\" href=\"https:\/\/staging.alibris.rs\/en\/tehnicke-usluge\/\" \/>\n<meta property=\"og:locale\" content=\"en_GB\" \/>\n<meta property=\"og:type\" content=\"article\" \/>\n<meta property=\"og:title\" content=\"Tehni\u010dke usluge \u2013 projektovanje, nadzor i stru\u010dna podr\u0161ka\" \/>\n<meta property=\"og:description\" content=\"Pru\u017eamo tehni\u010dke usluge uklju\u010duju\u0107i projektne radove, nadzor, in\u017eenjersku podr\u0161ku i druge stru\u010dne tehni\u010dke aktivnosti za va\u0161e projekte.\" \/>\n<meta property=\"og:url\" content=\"https:\/\/staging.alibris.rs\/en\/tehnicke-usluge\/\" \/>\n<meta property=\"og:site_name\" content=\"Alibris - Ra\u010dunovodstvo, porezi i savetovanje\" \/>\n<meta property=\"article:publisher\" content=\"https:\/\/www.facebook.com\/alibris.doo\/\" \/>\n<meta property=\"article:modified_time\" content=\"2026-01-08T19:03:25+00:00\" \/>\n<meta property=\"og:image\" content=\"https:\/\/staging.alibris.rs\/wp-content\/uploads\/2025\/07\/tehnicke-usluge.jpg\" \/>\n<meta name=\"twitter:card\" content=\"summary_large_image\" \/>\n<meta name=\"twitter:title\" content=\"Tehni\u010dke usluge \u2013 projektovanje, nadzor i stru\u010dna podr\u0161ka\" \/>\n<meta name=\"twitter:description\" content=\"Pru\u017eamo tehni\u010dke usluge uklju\u010duju\u0107i projektne radove, nadzor, in\u017eenjersku podr\u0161ku i druge stru\u010dne tehni\u010dke aktivnosti za va\u0161e projekte.\" \/>\n<meta name=\"twitter:label1\" content=\"Estimated reading time\" \/>\n\t<meta name=\"twitter:data1\" content=\"2 minutes\" \/>\n<script type=\"application\/ld+json\" class=\"yoast-schema-graph\">{\"@context\":\"https:\\\/\\\/schema.org\",\"@graph\":[{\"@type\":\"WebPage\",\"@id\":\"https:\\\/\\\/staging.alibris.rs\\\/tehnicke-usluge\\\/\",\"url\":\"https:\\\/\\\/staging.alibris.rs\\\/tehnicke-usluge\\\/\",\"name\":\"Tehni\u010dke usluge - Alibris - Ra\u010dunovodstvo, porezi i savetovanje\",\"isPartOf\":{\"@id\":\"https:\\\/\\\/staging.alibris.rs\\\/#website\"},\"primaryImageOfPage\":{\"@id\":\"https:\\\/\\\/staging.alibris.rs\\\/tehnicke-usluge\\\/#primaryimage\"},\"image\":{\"@id\":\"https:\\\/\\\/staging.alibris.rs\\\/tehnicke-usluge\\\/#primaryimage\"},\"thumbnailUrl\":\"https:\\\/\\\/staging.alibris.rs\\\/wp-content\\\/uploads\\\/2025\\\/07\\\/tehnicke-usluge.jpg\",\"datePublished\":\"2025-07-24T21:53:19+00:00\",\"dateModified\":\"2026-01-08T19:03:25+00:00\",\"description\":\"Opis tehni\u010dkih usluga: projektovanje, nadzor, in\u017eenjerska podr\u0161ka i druge stru\u010dne usluge za gra\u0111evinarstvo, instalacije i tehni\u010dke potrebe.\",\"breadcrumb\":{\"@id\":\"https:\\\/\\\/staging.alibris.rs\\\/tehnicke-usluge\\\/#breadcrumb\"},\"inLanguage\":\"en-GB\",\"potentialAction\":[{\"@type\":\"ReadAction\",\"target\":[\"https:\\\/\\\/staging.alibris.rs\\\/tehnicke-usluge\\\/\"]}]},{\"@type\":\"ImageObject\",\"inLanguage\":\"en-GB\",\"@id\":\"https:\\\/\\\/staging.alibris.rs\\\/tehnicke-usluge\\\/#primaryimage\",\"url\":\"https:\\\/\\\/staging.alibris.rs\\\/wp-content\\\/uploads\\\/2025\\\/07\\\/tehnicke-usluge.jpg\",\"contentUrl\":\"https:\\\/\\\/staging.alibris.rs\\\/wp-content\\\/uploads\\\/2025\\\/07\\\/tehnicke-usluge.jpg\"},{\"@type\":\"BreadcrumbList\",\"@id\":\"https:\\\/\\\/staging.alibris.rs\\\/tehnicke-usluge\\\/#breadcrumb\",\"itemListElement\":[{\"@type\":\"ListItem\",\"position\":1,\"name\":\"Po\u010detna\",\"item\":\"https:\\\/\\\/staging.alibris.rs\\\/\"},{\"@type\":\"ListItem\",\"position\":2,\"name\":\"Tehni\u010dke usluge\"}]},{\"@type\":\"WebSite\",\"@id\":\"https:\\\/\\\/staging.alibris.rs\\\/#website\",\"url\":\"https:\\\/\\\/staging.alibris.rs\\\/\",\"name\":\"Alibris Accounting - ra\u010dunovodstvo i poresko savetovanje\",\"description\":\"Ra\u010dunovodstvo i knjigovodstvo u Beogradu. Alibris pru\u017ea kompletne finansijske usluge za firme i preduzetnike.\",\"publisher\":{\"@id\":\"https:\\\/\\\/staging.alibris.rs\\\/#organization\"},\"potentialAction\":[{\"@type\":\"SearchAction\",\"target\":{\"@type\":\"EntryPoint\",\"urlTemplate\":\"https:\\\/\\\/staging.alibris.rs\\\/?s={search_term_string}\"},\"query-input\":{\"@type\":\"PropertyValueSpecification\",\"valueRequired\":true,\"valueName\":\"search_term_string\"}}],\"inLanguage\":\"en-GB\"},{\"@type\":\"Organization\",\"@id\":\"https:\\\/\\\/staging.alibris.rs\\\/#organization\",\"name\":\"Alibris doo\",\"url\":\"https:\\\/\\\/staging.alibris.rs\\\/\",\"logo\":{\"@type\":\"ImageObject\",\"inLanguage\":\"en-GB\",\"@id\":\"https:\\\/\\\/staging.alibris.rs\\\/#\\\/schema\\\/logo\\\/image\\\/\",\"url\":\"https:\\\/\\\/staging.alibris.rs\\\/wp-content\\\/uploads\\\/2023\\\/02\\\/Alibris_Fav_Icon.png\",\"contentUrl\":\"https:\\\/\\\/staging.alibris.rs\\\/wp-content\\\/uploads\\\/2023\\\/02\\\/Alibris_Fav_Icon.png\",\"width\":359,\"height\":281,\"caption\":\"Alibris doo\"},\"image\":{\"@id\":\"https:\\\/\\\/staging.alibris.rs\\\/#\\\/schema\\\/logo\\\/image\\\/\"},\"sameAs\":[\"https:\\\/\\\/www.facebook.com\\\/alibris.doo\\\/\",\"https:\\\/\\\/www.instagram.com\\\/alibris_\\\/\"]}]}<\/script>\n<!-- \/ Yoast SEO plugin. -->","yoast_head_json":{"title":"Tehni\u010dke usluge - Alibris - Ra\u010dunovodstvo, porezi i savetovanje","description":"Opis tehni\u010dkih usluga: projektovanje, nadzor, in\u017eenjerska podr\u0161ka i druge stru\u010dne usluge za gra\u0111evinarstvo, instalacije i tehni\u010dke potrebe.","robots":{"index":"index","follow":"follow","max-snippet":"max-snippet:-1","max-image-preview":"max-image-preview:large","max-video-preview":"max-video-preview:-1"},"canonical":"https:\/\/staging.alibris.rs\/en\/tehnicke-usluge\/","og_locale":"en_GB","og_type":"article","og_title":"Tehni\u010dke usluge \u2013 projektovanje, nadzor i stru\u010dna podr\u0161ka","og_description":"Pru\u017eamo tehni\u010dke usluge uklju\u010duju\u0107i projektne radove, nadzor, in\u017eenjersku podr\u0161ku i druge stru\u010dne tehni\u010dke aktivnosti za va\u0161e projekte.","og_url":"https:\/\/staging.alibris.rs\/en\/tehnicke-usluge\/","og_site_name":"Alibris - Ra\u010dunovodstvo, porezi i savetovanje","article_publisher":"https:\/\/www.facebook.com\/alibris.doo\/","article_modified_time":"2026-01-08T19:03:25+00:00","og_image":[{"url":"https:\/\/staging.alibris.rs\/wp-content\/uploads\/2025\/07\/tehnicke-usluge.jpg","type":"","width":"","height":""}],"twitter_card":"summary_large_image","twitter_title":"Tehni\u010dke usluge \u2013 projektovanje, nadzor i stru\u010dna podr\u0161ka","twitter_description":"Pru\u017eamo tehni\u010dke usluge uklju\u010duju\u0107i projektne radove, nadzor, in\u017eenjersku podr\u0161ku i druge stru\u010dne tehni\u010dke aktivnosti za va\u0161e projekte.","twitter_misc":{"Estimated reading time":"2 minutes"},"schema":{"@context":"https:\/\/schema.org","@graph":[{"@type":"WebPage","@id":"https:\/\/staging.alibris.rs\/tehnicke-usluge\/","url":"https:\/\/staging.alibris.rs\/tehnicke-usluge\/","name":"Tehni\u010dke usluge - Alibris - Ra\u010dunovodstvo, porezi i savetovanje","isPartOf":{"@id":"https:\/\/staging.alibris.rs\/#website"},"primaryImageOfPage":{"@id":"https:\/\/staging.alibris.rs\/tehnicke-usluge\/#primaryimage"},"image":{"@id":"https:\/\/staging.alibris.rs\/tehnicke-usluge\/#primaryimage"},"thumbnailUrl":"https:\/\/staging.alibris.rs\/wp-content\/uploads\/2025\/07\/tehnicke-usluge.jpg","datePublished":"2025-07-24T21:53:19+00:00","dateModified":"2026-01-08T19:03:25+00:00","description":"Opis tehni\u010dkih usluga: projektovanje, nadzor, in\u017eenjerska podr\u0161ka i druge stru\u010dne usluge za gra\u0111evinarstvo, instalacije i tehni\u010dke potrebe.","breadcrumb":{"@id":"https:\/\/staging.alibris.rs\/tehnicke-usluge\/#breadcrumb"},"inLanguage":"en-GB","potentialAction":[{"@type":"ReadAction","target":["https:\/\/staging.alibris.rs\/tehnicke-usluge\/"]}]},{"@type":"ImageObject","inLanguage":"en-GB","@id":"https:\/\/staging.alibris.rs\/tehnicke-usluge\/#primaryimage","url":"https:\/\/staging.alibris.rs\/wp-content\/uploads\/2025\/07\/tehnicke-usluge.jpg","contentUrl":"https:\/\/staging.alibris.rs\/wp-content\/uploads\/2025\/07\/tehnicke-usluge.jpg"},{"@type":"BreadcrumbList","@id":"https:\/\/staging.alibris.rs\/tehnicke-usluge\/#breadcrumb","itemListElement":[{"@type":"ListItem","position":1,"name":"Po\u010detna","item":"https:\/\/staging.alibris.rs\/"},{"@type":"ListItem","position":2,"name":"Tehni\u010dke usluge"}]},{"@type":"WebSite","@id":"https:\/\/staging.alibris.rs\/#website","url":"https:\/\/staging.alibris.rs\/","name":"Alibris Accounting - ra\u010dunovodstvo i poresko savetovanje","description":"Ra\u010dunovodstvo i knjigovodstvo u Beogradu. Alibris pru\u017ea kompletne finansijske usluge za firme i preduzetnike.","publisher":{"@id":"https:\/\/staging.alibris.rs\/#organization"},"potentialAction":[{"@type":"SearchAction","target":{"@type":"EntryPoint","urlTemplate":"https:\/\/staging.alibris.rs\/?s={search_term_string}"},"query-input":{"@type":"PropertyValueSpecification","valueRequired":true,"valueName":"search_term_string"}}],"inLanguage":"en-GB"},{"@type":"Organization","@id":"https:\/\/staging.alibris.rs\/#organization","name":"Alibris doo","url":"https:\/\/staging.alibris.rs\/","logo":{"@type":"ImageObject","inLanguage":"en-GB","@id":"https:\/\/staging.alibris.rs\/#\/schema\/logo\/image\/","url":"https:\/\/staging.alibris.rs\/wp-content\/uploads\/2023\/02\/Alibris_Fav_Icon.png","contentUrl":"https:\/\/staging.alibris.rs\/wp-content\/uploads\/2023\/02\/Alibris_Fav_Icon.png","width":359,"height":281,"caption":"Alibris doo"},"image":{"@id":"https:\/\/staging.alibris.rs\/#\/schema\/logo\/image\/"},"sameAs":["https:\/\/www.facebook.com\/alibris.doo\/","https:\/\/www.instagram.com\/alibris_\/"]}]}},"_links":{"self":[{"href":"https:\/\/staging.alibris.rs\/en\/wp-json\/wp\/v2\/pages\/914","targetHints":{"allow":["GET"]}}],"collection":[{"href":"https:\/\/staging.alibris.rs\/en\/wp-json\/wp\/v2\/pages"}],"about":[{"href":"https:\/\/staging.alibris.rs\/en\/wp-json\/wp\/v2\/types\/page"}],"author":[{"embeddable":true,"href":"https:\/\/staging.alibris.rs\/en\/wp-json\/wp\/v2\/users\/1"}],"replies":[{"embeddable":true,"href":"https:\/\/staging.alibris.rs\/en\/wp-json\/wp\/v2\/comments?post=914"}],"version-history":[{"count":0,"href":"https:\/\/staging.alibris.rs\/en\/wp-json\/wp\/v2\/pages\/914\/revisions"}],"wp:attachment":[{"href":"https:\/\/staging.alibris.rs\/en\/wp-json\/wp\/v2\/media?parent=914"}],"curies":[{"name":"wp","href":"https:\/\/api.w.org\/{rel}","templated":true}]}}