{"id":935,"date":"2025-07-24T22:13:39","date_gmt":"2025-07-24T22:13:39","guid":{"rendered":"https:\/\/staging.alibris.rs\/?page_id=935"},"modified":"2026-01-08T20:00:25","modified_gmt":"2026-01-08T19:00:25","slug":"osnivanje-firme","status":"publish","type":"page","link":"https:\/\/staging.alibris.rs\/en\/osnivanje-firme\/","title":{"rendered":"Company Formation"},"content":{"rendered":"<div data-elementor-type=\"wp-page\" data-elementor-id=\"935\" class=\"elementor elementor-935\">\n\t\t\t\t\t\t<section class=\"elementor-section elementor-top-section elementor-element elementor-element-5785c2b elementor-section-boxed elementor-section-height-default elementor-section-height-default\" data-id=\"5785c2b\" data-element_type=\"section\" data-e-type=\"section\">\n\t\t\t\t\t\t<div class=\"elementor-container elementor-column-gap-default\">\n\t\t\t\t\t<div class=\"elementor-column elementor-col-100 elementor-top-column elementor-element elementor-element-8963a43\" data-id=\"8963a43\" data-element_type=\"column\" data-e-type=\"column\">\n\t\t\t<div class=\"elementor-widget-wrap elementor-element-populated\">\n\t\t\t\t\t\t<div class=\"elementor-element elementor-element-189a1a9 sec_t_align elementor-align-center elementor-widget elementor-widget-tw-sec-title\" data-id=\"189a1a9\" data-element_type=\"widget\" data-e-type=\"widget\" data-widget_type=\"tw-sec-title.default\">\n\t\t\t\t<div class=\"elementor-widget-container\">\n\t\t\t\t\t                            <h2 class=\"secTitle\">Osnivanje <span>firme <\/span><\/h2>\r\n                \t\t\t\t<\/div>\n\t\t\t\t<\/div>\n\t\t\t\t\t<\/div>\n\t\t<\/div>\n\t\t\t\t\t<\/div>\n\t\t<\/section>\n\t\t\t\t<section class=\"elementor-section elementor-top-section elementor-element elementor-element-a9bc269 elementor-section-boxed elementor-section-height-default elementor-section-height-default\" data-id=\"a9bc269\" data-element_type=\"section\" data-e-type=\"section\">\n\t\t\t\t\t\t<div class=\"elementor-container elementor-column-gap-default\">\n\t\t\t\t\t<div class=\"elementor-column elementor-col-50 elementor-top-column elementor-element elementor-element-abdb52a\" data-id=\"abdb52a\" data-element_type=\"column\" data-e-type=\"column\">\n\t\t\t<div class=\"elementor-widget-wrap elementor-element-populated\">\n\t\t\t\t\t\t<div class=\"elementor-element elementor-element-1037d9e list_align elementor-align-left elementor-widget elementor-widget-tw-lists\" data-id=\"1037d9e\" data-element_type=\"widget\" data-e-type=\"widget\" data-widget_type=\"tw-lists.default\">\n\t\t\t\t<div class=\"elementor-widget-container\">\n\t\t\t\t\t                <ul class=\"listItem\">\r\n                                        <li>\r\n                                                    <i class=\"twi-arrow-alt-circle-right\"><\/i>\r\n                                                Celokupan proces otvaranja drustva i postupak pred APR-om. Izrada osnivackog akta i predaja obavezenih poreskih prijava po otvaranju drustva ili preduzetnicke radnje. Besplatno savetovanje i pomoc oko odabira sifre delatnosti.\n                    <\/li>\r\n                                    <\/ul>\r\n            \t\t\t\t<\/div>\n\t\t\t\t<\/div>\n\t\t\t\t\t<\/div>\n\t\t<\/div>\n\t\t\t\t<div class=\"elementor-column elementor-col-50 elementor-top-column elementor-element elementor-element-5f0db24\" data-id=\"5f0db24\" data-element_type=\"column\" data-e-type=\"column\">\n\t\t\t<div class=\"elementor-widget-wrap elementor-element-populated\">\n\t\t\t\t\t\t<div class=\"elementor-element elementor-element-4f061d8 elementor-widget elementor-widget-image\" data-id=\"4f061d8\" data-element_type=\"widget\" data-e-type=\"widget\" data-widget_type=\"image.default\">\n\t\t\t\t<div class=\"elementor-widget-container\">\n\t\t\t\t\t\t\t\t\t\t\t\t\t\t\t<img fetchpriority=\"high\" decoding=\"async\" width=\"1000\" height=\"694\" src=\"https:\/\/staging.alibris.rs\/wp-content\/uploads\/2025\/07\/osnivanje-firmejpg.jpg\" class=\"attachment-large size-large wp-image-941\" alt=\"\" srcset=\"https:\/\/staging.alibris.rs\/wp-content\/uploads\/2025\/07\/osnivanje-firmejpg.jpg 1000w, https:\/\/staging.alibris.rs\/wp-content\/uploads\/2025\/07\/osnivanje-firmejpg-300x208.jpg 300w, https:\/\/staging.alibris.rs\/wp-content\/uploads\/2025\/07\/osnivanje-firmejpg-768x533.jpg 768w\" sizes=\"(max-width: 1000px) 100vw, 1000px\" \/>\t\t\t\t\t\t\t\t\t\t\t\t\t\t\t<\/div>\n\t\t\t\t<\/div>\n\t\t\t\t\t<\/div>\n\t\t<\/div>\n\t\t\t\t\t<\/div>\n\t\t<\/section>\n\t\t\t\t<section class=\"elementor-section elementor-top-section elementor-element elementor-element-5f3cd36 elementor-section-boxed elementor-section-height-default elementor-section-height-default\" data-id=\"5f3cd36\" data-element_type=\"section\" data-e-type=\"section\">\n\t\t\t\t\t\t<div class=\"elementor-container elementor-column-gap-default\">\n\t\t\t\t\t<div class=\"elementor-column elementor-col-100 elementor-top-column elementor-element elementor-element-2922c84\" data-id=\"2922c84\" data-element_type=\"column\" data-e-type=\"column\">\n\t\t\t<div class=\"elementor-widget-wrap elementor-element-populated\">\n\t\t\t\t\t\t<div class=\"elementor-element elementor-element-c24bb2b elementor-widget elementor-widget-text-editor\" data-id=\"c24bb2b\" data-element_type=\"widget\" data-e-type=\"widget\" data-widget_type=\"text-editor.default\">\n\t\t\t\t<div class=\"elementor-widget-container\">\n\t\t\t\t\t\t\t\t\t<p><b>Kratak opis postupka<\/b><\/p><p>Proces otvaranja firme traje 3-5 dana kod Agencije za privredne registre (APR).<\/p><p>Pre toga je potrebno da osniva\u010d nabavi elektronski sertifikat na li\u010dno ime. Ovo se mo\u017ee zavr\u0161iti na nekoliko mesta:<\/p><ol><li>Javno preduze\u0107e \u201ePo\u0161ta Srbije\u201c \u2013 Sertifikaciono telo Po\u0161te<\/li><li>Privredna komora Srbije \u2013 PKS CA<\/li><li>MUP RS \u2013 Sertifikaciono telo MUP RS (besplatno na li\u010dnim kartama sa \u010dipom)<\/li><li>Privredno dru\u0161tvo Halcom a.d. Beograd \u2013 Sertifikaciono telo Halcom<\/li><li>\u201eE- Smart Systems\u201c d.o.o. \u2013 Smart Systems Sertifikaciono telo ESS CA<\/li><\/ol><p>\u00a0<\/p><p>Postupak otvaranja firme se mo\u017ee podneti online uz pomo\u0107 elektronskog sertifikata osniva\u010da. Nakon nekoliko dana APR obave\u0161tava da je privredno dru\u0161tvo osnovano i donosi re\u0161enje koje se mo\u017ee preuzeti sa njihovog sajta.<\/p><p>Nakon toga, direktor mora da ode li\u010dnu u banku i da preda zahtev za otvaranje racuna. Ovaj postupak zavisi od same banke i uglavnom se krece od nekoliko dana do 14 dana.<\/p><p>Svim klijentima stojimo na raspolaganju tokom celog postupka.<\/p><p>Obaveze nakon otvaranja firme:<\/p><ul><li>Zakonski rok za predaju obaveznih poreskih prijava po osnivanju je 15 dana i to se odnosi na:<\/li><li>Akontaciona prijava poreza na dobit<\/li><li>Registrovanje kod LPA za komunalnu i eko taksu<\/li><li>Registrovanje stvarnog vlasnika kod APR-a<\/li><\/ul><div>\u00a0<\/div><p>\u0160to se ti\u010de PDV-a, mo\u017eete se odlu\u010diti da budete u PDV sistemu po osnivanju ili da kasnije udjete u sistem PDV-a kada ostvarite promet preko 8 miliona dinara.<\/p><p>Slobodno nas kontaktirajte ukoliko vam je potreban detaljan vodic za otvaranje firme i vazne informacije.<\/p>\t\t\t\t\t\t\t\t<\/div>\n\t\t\t\t<\/div>\n\t\t\t\t\t<\/div>\n\t\t<\/div>\n\t\t\t\t\t<\/div>\n\t\t<\/section>\n\t\t\t\t<section class=\"elementor-section elementor-top-section elementor-element elementor-element-3ab583d elementor-section-content-middle elementor-section-boxed elementor-section-height-default elementor-section-height-default\" data-id=\"3ab583d\" data-element_type=\"section\" data-e-type=\"section\" data-settings=\"{&quot;background_background&quot;:&quot;classic&quot;}\">\n\t\t\t\t\t\t<div class=\"elementor-container elementor-column-gap-default\">\n\t\t\t\t\t<div class=\"elementor-column elementor-col-66 elementor-top-column elementor-element elementor-element-a97fa53\" data-id=\"a97fa53\" data-element_type=\"column\" data-e-type=\"column\">\n\t\t\t<div class=\"elementor-widget-wrap elementor-element-populated\">\n\t\t\t\t\t\t<div class=\"elementor-element elementor-element-eed7c6f elementor-widget elementor-widget-text-editor\" data-id=\"eed7c6f\" data-element_type=\"widget\" data-e-type=\"widget\" data-widget_type=\"text-editor.default\">\n\t\t\t\t<div class=\"elementor-widget-container\">\n\t\t\t\t\t\t\t\t\t<p><strong>Potreban vam je<br \/>Virtual office?<\/strong><\/p>\t\t\t\t\t\t\t\t<\/div>\n\t\t\t\t<\/div>\n\t\t\t\t\t<\/div>\n\t\t<\/div>\n\t\t\t\t<div class=\"elementor-column elementor-col-33 elementor-top-column elementor-element elementor-element-eb253f5\" data-id=\"eb253f5\" data-element_type=\"column\" data-e-type=\"column\">\n\t\t\t<div class=\"elementor-widget-wrap elementor-element-populated\">\n\t\t\t\t\t\t<div class=\"elementor-element elementor-element-078f920 elementor-widget elementor-widget-button\" data-id=\"078f920\" data-element_type=\"widget\" data-e-type=\"widget\" data-widget_type=\"button.default\">\n\t\t\t\t<div class=\"elementor-widget-container\">\n\t\t\t\t\t\t\t\t\t<div class=\"elementor-button-wrapper translation-block\">Contact <span>us<\/span><\/div>\n\t\t\t\t\t\t\t\t<\/div>\n\t\t\t\t<\/div>\n\t\t\t\t\t<\/div>\n\t\t<\/div>\n\t\t\t\t\t<\/div>\n\t\t<\/section>\n\t\t\t\t<section class=\"elementor-section elementor-top-section elementor-element elementor-element-02fdebf elementor-section-boxed elementor-section-height-default elementor-section-height-default\" data-id=\"02fdebf\" data-element_type=\"section\" data-e-type=\"section\">\n\t\t\t\t\t\t<div class=\"elementor-container elementor-column-gap-default\">\n\t\t\t\t\t<div class=\"elementor-column elementor-col-100 elementor-top-column elementor-element elementor-element-f551882\" data-id=\"f551882\" data-element_type=\"column\" data-e-type=\"column\">\n\t\t\t<div class=\"elementor-widget-wrap elementor-element-populated\">\n\t\t\t\t\t\t<div class=\"elementor-element elementor-element-12f61bc sec_t_align elementor-align-center elementor-widget elementor-widget-tw-sec-title\" data-id=\"12f61bc\" data-element_type=\"widget\" data-e-type=\"widget\" data-widget_type=\"tw-sec-title.default\">\n\t\t\t\t<div class=\"elementor-widget-container\">\n\t\t\t\t\t                            <h2 class=\"secTitle\">Otvaranje firme preko <span>punomocnika<\/span>\n<\/h2>\r\n                \t\t\t\t<\/div>\n\t\t\t\t<\/div>\n\t\t\t\t\t<\/div>\n\t\t<\/div>\n\t\t\t\t\t<\/div>\n\t\t<\/section>\n\t\t\t\t<section class=\"elementor-section elementor-top-section elementor-element elementor-element-a04f078 elementor-section-boxed elementor-section-height-default elementor-section-height-default\" data-id=\"a04f078\" data-element_type=\"section\" data-e-type=\"section\">\n\t\t\t\t\t\t<div class=\"elementor-container elementor-column-gap-default\">\n\t\t\t\t\t<div class=\"elementor-column elementor-col-100 elementor-top-column elementor-element elementor-element-536ab94\" data-id=\"536ab94\" data-element_type=\"column\" data-e-type=\"column\">\n\t\t\t<div class=\"elementor-widget-wrap elementor-element-populated\">\n\t\t\t\t\t\t<div class=\"elementor-element elementor-element-ab29281 elementor-widget elementor-widget-text-editor\" data-id=\"ab29281\" data-element_type=\"widget\" data-e-type=\"widget\" data-widget_type=\"text-editor.default\">\n\t\t\t\t<div class=\"elementor-widget-container\">\n\t\t\t\t\t\t\t\t\t<p>Ukoliko niste u mogucnosti da dodjete licno u Srbiju, osnivanje firme se mo\u017ee odraditi preko advokata uz punomo\u0107je.<\/p>\n<p><b>Za osnivanje privrednog dru\u0161tva kao i za potrebe izrade specijalnog punomo\u0107ja&nbsp;advokatu su neophodni slede\u0107i podaci:<\/b><\/p>\n<ol><li>Naziv firme, mi \u0107emo Va\u0161 \u017eeljeni naziv proveriti da li ve\u0107 takav naziv postoji u APR-u, svakako mora naziv da se razlikuje u najmanje 3 karaktera odnsono slova.<\/li>\n<li>Direktor odnosno zakonski zastupnik&nbsp; privrednog dru\u0161tva sa ograni\u010denim\/neograni\u010denim ovla\u0161\u0107enjima<\/li>\n<li>Sedi\u0161te privrednog dru\u0161tva<\/li>\n<li>Kapital dru\u0161tva, na\u0161 zakonski minimum iznosi 100 dinara.<\/li>\n<li>E mail firme<\/li>\n<li>Broj telefona firme<\/li>\n<li>\u0160ifra delatnosti, mo\u017eete nam dati opisno \u010dime \u0107e se privredno dr\u0161tvo baviti a mi \u0107emo Vam pomo\u0107i oko ta\u010dnog definisanja \u0161ifre delatnosti dru\u0161tva.<\/li>\n<li>Da li \u0107e privredno dru\u0161tvo biti jedno\u010dlano ili vi\u0161e\u010dlano dru\u0161tvo<\/li><\/ol>\n<p>Od dokumenata nam je neophodno samo skenirani paso\u0161 za vlasnika (ili o\u010ditana li\u010dna karta ukoliko je dr\u017eavljanin Republike Srbije) i &nbsp;o\u010ditana li\u010dna karta direktora ( ukoliko je direktor dr\u017eavljanin Republike Srbije, ukoliko nije nepohodan je skinrani paso\u0161).&nbsp;<\/p>\n<p><b>\u0160to se ti\u010de advokatskih usluga one obuhvataju slede\u0107e:<\/b><\/p>\n<ul>\n<li>Izrada osniva\u010dkog akta<\/li>\n<li>izrada specijalnog punomo\u0107ja za osnivanje privrednog dru\u0161tva<\/li>\n<li>priprema dokumentacije za APR<\/li>\n<li>zastupanje pred&nbsp; APR-om.<\/li>\n<\/ul>\n<p>Specijalno punomo\u0107je mora biti overeno kod javnog bele\u017enika u dr\u017eavi gde se nalazi vlasnik sa obaveznim pe\u010datom &#8211; APOSTILOM (ukoliko je vlasnik dr\u017eavljanin Republike Srbije specijalno punomo\u0107je mo\u017ee overiti i u ambasadi ili konzulatu).<\/p>\n<p>Napominjemo da overu specijalne punomo\u0107i, prevod specijalne punomo\u0107i kao i taksu kod APR-a za osnivanje privrednog dru\u0161tva snosi klijent.<\/p>\t\t\t\t\t\t\t\t<\/div>\n\t\t\t\t<\/div>\n\t\t\t\t\t<\/div>\n\t\t<\/div>\n\t\t\t\t\t<\/div>\n\t\t<\/section>\n\t\t\t\t<\/div>","protected":false},"excerpt":{"rendered":"<p>Osnivanje firme Celokupan proces otvaranja drustva i postupak pred APR-om. Izrada osnivackog akta i predaja obavezenih poreskih prijava po otvaranju drustva ili preduzetnicke radnje. Besplatno savetovanje i pomoc oko odabira sifre delatnosti. Kratak opis postupka Proces otvaranja firme traje 3-5 dana kod Agencije za privredne registre (APR). Pre toga je potrebno da osniva\u010d nabavi elektronski [&hellip;]<\/p>\n","protected":false},"author":1,"featured_media":0,"parent":0,"menu_order":0,"comment_status":"closed","ping_status":"closed","template":"elementor_header_footer","meta":{"footnotes":""},"class_list":["post-935","page","type-page","status-publish","hentry"],"yoast_head":"<!-- This site is optimized with the Yoast SEO plugin v27.4 - https:\/\/yoast.com\/product\/yoast-seo-wordpress\/ -->\n<title>Osnivanje firme - Alibris - Ra\u010dunovodstvo, porezi i savetovanje<\/title>\n<meta name=\"description\" content=\"Kako osnovati firmu u Srbiji: postupak registracije u APR-u, potrebna dokumentacija i saveti za uspe\u0161no osnivanje privrednog dru\u0161tva ili preduzetnika.\" \/>\n<meta name=\"robots\" content=\"index, follow, max-snippet:-1, max-image-preview:large, max-video-preview:-1\" \/>\n<link rel=\"canonical\" href=\"https:\/\/staging.alibris.rs\/en\/osnivanje-firme\/\" \/>\n<meta property=\"og:locale\" content=\"en_GB\" \/>\n<meta property=\"og:type\" content=\"article\" \/>\n<meta property=\"og:title\" content=\"Osnivanje firme u Srbiji \u2013 postupak, registracija i dokumentacija\" \/>\n<meta property=\"og:description\" content=\"Kako osnovati firmu u Srbiji: postupak registracije u APR-u, potrebna dokumentacija i saveti za uspe\u0161no osnivanje privrednog dru\u0161tva ili preduzetnika.\" \/>\n<meta property=\"og:url\" content=\"https:\/\/staging.alibris.rs\/en\/osnivanje-firme\/\" \/>\n<meta property=\"og:site_name\" content=\"Alibris - Ra\u010dunovodstvo, porezi i savetovanje\" \/>\n<meta property=\"article:publisher\" content=\"https:\/\/www.facebook.com\/alibris.doo\/\" \/>\n<meta property=\"article:modified_time\" content=\"2026-01-08T19:00:25+00:00\" \/>\n<meta property=\"og:image\" content=\"https:\/\/staging.alibris.rs\/wp-content\/uploads\/2025\/07\/osnivanje-firmejpg.jpg\" \/>\n<meta name=\"twitter:card\" content=\"summary_large_image\" \/>\n<meta name=\"twitter:title\" content=\"Osnivanje firme u Srbiji \u2013 postupak, registracija i dokumentacija\" \/>\n<meta name=\"twitter:description\" content=\"Kako osnovati firmu u Srbiji: postupak registracije u APR-u, potrebna dokumentacija i saveti za uspe\u0161no osnivanje privrednog dru\u0161tva ili preduzetnika.\" \/>\n<meta name=\"twitter:label1\" content=\"Estimated reading time\" \/>\n\t<meta name=\"twitter:data1\" content=\"3 minutes\" \/>\n<script type=\"application\/ld+json\" class=\"yoast-schema-graph\">{\"@context\":\"https:\\\/\\\/schema.org\",\"@graph\":[{\"@type\":\"WebPage\",\"@id\":\"https:\\\/\\\/staging.alibris.rs\\\/osnivanje-firme\\\/\",\"url\":\"https:\\\/\\\/staging.alibris.rs\\\/osnivanje-firme\\\/\",\"name\":\"Osnivanje firme - Alibris - Ra\u010dunovodstvo, porezi i savetovanje\",\"isPartOf\":{\"@id\":\"https:\\\/\\\/staging.alibris.rs\\\/#website\"},\"primaryImageOfPage\":{\"@id\":\"https:\\\/\\\/staging.alibris.rs\\\/osnivanje-firme\\\/#primaryimage\"},\"image\":{\"@id\":\"https:\\\/\\\/staging.alibris.rs\\\/osnivanje-firme\\\/#primaryimage\"},\"thumbnailUrl\":\"https:\\\/\\\/staging.alibris.rs\\\/wp-content\\\/uploads\\\/2025\\\/07\\\/osnivanje-firmejpg.jpg\",\"datePublished\":\"2025-07-24T22:13:39+00:00\",\"dateModified\":\"2026-01-08T19:00:25+00:00\",\"description\":\"Kako osnovati firmu u Srbiji: postupak registracije u APR-u, potrebna dokumentacija i saveti za uspe\u0161no osnivanje privrednog dru\u0161tva ili preduzetnika.\",\"breadcrumb\":{\"@id\":\"https:\\\/\\\/staging.alibris.rs\\\/osnivanje-firme\\\/#breadcrumb\"},\"inLanguage\":\"en-GB\",\"potentialAction\":[{\"@type\":\"ReadAction\",\"target\":[\"https:\\\/\\\/staging.alibris.rs\\\/osnivanje-firme\\\/\"]}]},{\"@type\":\"ImageObject\",\"inLanguage\":\"en-GB\",\"@id\":\"https:\\\/\\\/staging.alibris.rs\\\/osnivanje-firme\\\/#primaryimage\",\"url\":\"https:\\\/\\\/staging.alibris.rs\\\/wp-content\\\/uploads\\\/2025\\\/07\\\/osnivanje-firmejpg.jpg\",\"contentUrl\":\"https:\\\/\\\/staging.alibris.rs\\\/wp-content\\\/uploads\\\/2025\\\/07\\\/osnivanje-firmejpg.jpg\"},{\"@type\":\"BreadcrumbList\",\"@id\":\"https:\\\/\\\/staging.alibris.rs\\\/osnivanje-firme\\\/#breadcrumb\",\"itemListElement\":[{\"@type\":\"ListItem\",\"position\":1,\"name\":\"Po\u010detna\",\"item\":\"https:\\\/\\\/staging.alibris.rs\\\/\"},{\"@type\":\"ListItem\",\"position\":2,\"name\":\"Osnivanje firme\"}]},{\"@type\":\"WebSite\",\"@id\":\"https:\\\/\\\/staging.alibris.rs\\\/#website\",\"url\":\"https:\\\/\\\/staging.alibris.rs\\\/\",\"name\":\"Alibris Accounting - ra\u010dunovodstvo i poresko savetovanje\",\"description\":\"Ra\u010dunovodstvo i knjigovodstvo u Beogradu. Alibris pru\u017ea kompletne finansijske usluge za firme i preduzetnike.\",\"publisher\":{\"@id\":\"https:\\\/\\\/staging.alibris.rs\\\/#organization\"},\"potentialAction\":[{\"@type\":\"SearchAction\",\"target\":{\"@type\":\"EntryPoint\",\"urlTemplate\":\"https:\\\/\\\/staging.alibris.rs\\\/?s={search_term_string}\"},\"query-input\":{\"@type\":\"PropertyValueSpecification\",\"valueRequired\":true,\"valueName\":\"search_term_string\"}}],\"inLanguage\":\"en-GB\"},{\"@type\":\"Organization\",\"@id\":\"https:\\\/\\\/staging.alibris.rs\\\/#organization\",\"name\":\"Alibris doo\",\"url\":\"https:\\\/\\\/staging.alibris.rs\\\/\",\"logo\":{\"@type\":\"ImageObject\",\"inLanguage\":\"en-GB\",\"@id\":\"https:\\\/\\\/staging.alibris.rs\\\/#\\\/schema\\\/logo\\\/image\\\/\",\"url\":\"https:\\\/\\\/staging.alibris.rs\\\/wp-content\\\/uploads\\\/2023\\\/02\\\/Alibris_Fav_Icon.png\",\"contentUrl\":\"https:\\\/\\\/staging.alibris.rs\\\/wp-content\\\/uploads\\\/2023\\\/02\\\/Alibris_Fav_Icon.png\",\"width\":359,\"height\":281,\"caption\":\"Alibris doo\"},\"image\":{\"@id\":\"https:\\\/\\\/staging.alibris.rs\\\/#\\\/schema\\\/logo\\\/image\\\/\"},\"sameAs\":[\"https:\\\/\\\/www.facebook.com\\\/alibris.doo\\\/\",\"https:\\\/\\\/www.instagram.com\\\/alibris_\\\/\"]}]}<\/script>\n<!-- \/ Yoast SEO plugin. -->","yoast_head_json":{"title":"Osnivanje firme - Alibris - Ra\u010dunovodstvo, porezi i savetovanje","description":"Kako osnovati firmu u Srbiji: postupak registracije u APR-u, potrebna dokumentacija i saveti za uspe\u0161no osnivanje privrednog dru\u0161tva ili preduzetnika.","robots":{"index":"index","follow":"follow","max-snippet":"max-snippet:-1","max-image-preview":"max-image-preview:large","max-video-preview":"max-video-preview:-1"},"canonical":"https:\/\/staging.alibris.rs\/en\/osnivanje-firme\/","og_locale":"en_GB","og_type":"article","og_title":"Osnivanje firme u Srbiji \u2013 postupak, registracija i dokumentacija","og_description":"Kako osnovati firmu u Srbiji: postupak registracije u APR-u, potrebna dokumentacija i saveti za uspe\u0161no osnivanje privrednog dru\u0161tva ili preduzetnika.","og_url":"https:\/\/staging.alibris.rs\/en\/osnivanje-firme\/","og_site_name":"Alibris - Ra\u010dunovodstvo, porezi i savetovanje","article_publisher":"https:\/\/www.facebook.com\/alibris.doo\/","article_modified_time":"2026-01-08T19:00:25+00:00","og_image":[{"url":"https:\/\/staging.alibris.rs\/wp-content\/uploads\/2025\/07\/osnivanje-firmejpg.jpg","type":"","width":"","height":""}],"twitter_card":"summary_large_image","twitter_title":"Osnivanje firme u Srbiji \u2013 postupak, registracija i dokumentacija","twitter_description":"Kako osnovati firmu u Srbiji: postupak registracije u APR-u, potrebna dokumentacija i saveti za uspe\u0161no osnivanje privrednog dru\u0161tva ili preduzetnika.","twitter_misc":{"Estimated reading time":"3 minutes"},"schema":{"@context":"https:\/\/schema.org","@graph":[{"@type":"WebPage","@id":"https:\/\/staging.alibris.rs\/osnivanje-firme\/","url":"https:\/\/staging.alibris.rs\/osnivanje-firme\/","name":"Osnivanje firme - Alibris - Ra\u010dunovodstvo, porezi i savetovanje","isPartOf":{"@id":"https:\/\/staging.alibris.rs\/#website"},"primaryImageOfPage":{"@id":"https:\/\/staging.alibris.rs\/osnivanje-firme\/#primaryimage"},"image":{"@id":"https:\/\/staging.alibris.rs\/osnivanje-firme\/#primaryimage"},"thumbnailUrl":"https:\/\/staging.alibris.rs\/wp-content\/uploads\/2025\/07\/osnivanje-firmejpg.jpg","datePublished":"2025-07-24T22:13:39+00:00","dateModified":"2026-01-08T19:00:25+00:00","description":"Kako osnovati firmu u Srbiji: postupak registracije u APR-u, potrebna dokumentacija i saveti za uspe\u0161no osnivanje privrednog dru\u0161tva ili preduzetnika.","breadcrumb":{"@id":"https:\/\/staging.alibris.rs\/osnivanje-firme\/#breadcrumb"},"inLanguage":"en-GB","potentialAction":[{"@type":"ReadAction","target":["https:\/\/staging.alibris.rs\/osnivanje-firme\/"]}]},{"@type":"ImageObject","inLanguage":"en-GB","@id":"https:\/\/staging.alibris.rs\/osnivanje-firme\/#primaryimage","url":"https:\/\/staging.alibris.rs\/wp-content\/uploads\/2025\/07\/osnivanje-firmejpg.jpg","contentUrl":"https:\/\/staging.alibris.rs\/wp-content\/uploads\/2025\/07\/osnivanje-firmejpg.jpg"},{"@type":"BreadcrumbList","@id":"https:\/\/staging.alibris.rs\/osnivanje-firme\/#breadcrumb","itemListElement":[{"@type":"ListItem","position":1,"name":"Po\u010detna","item":"https:\/\/staging.alibris.rs\/"},{"@type":"ListItem","position":2,"name":"Osnivanje firme"}]},{"@type":"WebSite","@id":"https:\/\/staging.alibris.rs\/#website","url":"https:\/\/staging.alibris.rs\/","name":"Alibris Accounting - ra\u010dunovodstvo i poresko savetovanje","description":"Ra\u010dunovodstvo i knjigovodstvo u Beogradu. Alibris pru\u017ea kompletne finansijske usluge za firme i preduzetnike.","publisher":{"@id":"https:\/\/staging.alibris.rs\/#organization"},"potentialAction":[{"@type":"SearchAction","target":{"@type":"EntryPoint","urlTemplate":"https:\/\/staging.alibris.rs\/?s={search_term_string}"},"query-input":{"@type":"PropertyValueSpecification","valueRequired":true,"valueName":"search_term_string"}}],"inLanguage":"en-GB"},{"@type":"Organization","@id":"https:\/\/staging.alibris.rs\/#organization","name":"Alibris doo","url":"https:\/\/staging.alibris.rs\/","logo":{"@type":"ImageObject","inLanguage":"en-GB","@id":"https:\/\/staging.alibris.rs\/#\/schema\/logo\/image\/","url":"https:\/\/staging.alibris.rs\/wp-content\/uploads\/2023\/02\/Alibris_Fav_Icon.png","contentUrl":"https:\/\/staging.alibris.rs\/wp-content\/uploads\/2023\/02\/Alibris_Fav_Icon.png","width":359,"height":281,"caption":"Alibris doo"},"image":{"@id":"https:\/\/staging.alibris.rs\/#\/schema\/logo\/image\/"},"sameAs":["https:\/\/www.facebook.com\/alibris.doo\/","https:\/\/www.instagram.com\/alibris_\/"]}]}},"_links":{"self":[{"href":"https:\/\/staging.alibris.rs\/en\/wp-json\/wp\/v2\/pages\/935","targetHints":{"allow":["GET"]}}],"collection":[{"href":"https:\/\/staging.alibris.rs\/en\/wp-json\/wp\/v2\/pages"}],"about":[{"href":"https:\/\/staging.alibris.rs\/en\/wp-json\/wp\/v2\/types\/page"}],"author":[{"embeddable":true,"href":"https:\/\/staging.alibris.rs\/en\/wp-json\/wp\/v2\/users\/1"}],"replies":[{"embeddable":true,"href":"https:\/\/staging.alibris.rs\/en\/wp-json\/wp\/v2\/comments?post=935"}],"version-history":[{"count":0,"href":"https:\/\/staging.alibris.rs\/en\/wp-json\/wp\/v2\/pages\/935\/revisions"}],"wp:attachment":[{"href":"https:\/\/staging.alibris.rs\/en\/wp-json\/wp\/v2\/media?parent=935"}],"curies":[{"name":"wp","href":"https:\/\/api.w.org\/{rel}","templated":true}]}}